{"id":999,"date":"2024-02-15T16:48:27","date_gmt":"2024-02-15T15:48:27","guid":{"rendered":"https:\/\/minacore.ch\/prodotto\/gland-de-fee\/"},"modified":"2024-04-23T11:03:43","modified_gmt":"2024-04-23T09:03:43","slug":"gland-de-fee","status":"publish","type":"product","link":"https:\/\/minacore.ch\/fr\/prodotto\/gland-de-fee\/","title":{"rendered":"Gland de f\u00e9e"},"content":{"rendered":"","protected":false},"excerpt":{"rendered":"<p>Explorez un monde d&rsquo;enchantement et d&rsquo;\u00e9merveillement avec notre s\u00e9rie \u00ab\u00a0Faerie Acorn\u00a0\u00bb. Ce pendentif enchanteur capture l&rsquo;essence du folklore et des cr\u00e9atures f\u00e9eriques en sertissant un gland sculpt\u00e9 dans la r\u00e9sine qui renferme de d\u00e9licates fleurs r\u00e9elles. L&rsquo;atmosph\u00e8re magique est palpable lorsque vous admirez les d\u00e9tails complexes de chaque p\u00e9tale, comme si les f\u00e9es elles-m\u00eames avaient personnellement accord\u00e9 leur gr\u00e2ce \u00e0 ce bijou unique.<\/p>\n","protected":false},"featured_media":1389,"template":"","meta":{"_seopress_robots_primary_cat":"none","_seopress_titles_title":"Collier \"Gland de f\u00e9e\" : Enchantement des f\u00e9es et magie naturelle | Bijoux uniques","_seopress_titles_desc":"D\u00e9couvrez l'attrait de l'enchantement avec notre s\u00e9rie \"Faerie Acorn\". Un pendentif enchanteur qui incarne l'essence du folklore et des cr\u00e9atures f\u00e9eriques, avec un gland sculpt\u00e9 en r\u00e9sine qui renferme de d\u00e9licates fleurs r\u00e9elles. Admirez les d\u00e9tails complexes de chaque p\u00e9tale, immerg\u00e9 dans l'atmosph\u00e8re magique cr\u00e9\u00e9e par ce bijou unique.","_seopress_robots_index":""},"product_brand":[],"product_cat":[265,348],"product_tag":[],"class_list":{"0":"post-999","1":"product","2":"type-product","3":"status-publish","4":"has-post-thumbnail","6":"product_cat-bijoux","7":"product_cat-colliers","9":"first","10":"instock","11":"shipping-taxable","12":"purchasable","13":"product-type-variable"},"jetpack_sharing_enabled":true,"_links":{"self":[{"href":"https:\/\/minacore.ch\/fr\/wp-json\/wp\/v2\/product\/999","targetHints":{"allow":["GET"]}}],"collection":[{"href":"https:\/\/minacore.ch\/fr\/wp-json\/wp\/v2\/product"}],"about":[{"href":"https:\/\/minacore.ch\/fr\/wp-json\/wp\/v2\/types\/product"}],"wp:featuredmedia":[{"embeddable":true,"href":"https:\/\/minacore.ch\/fr\/wp-json\/wp\/v2\/media\/1389"}],"wp:attachment":[{"href":"https:\/\/minacore.ch\/fr\/wp-json\/wp\/v2\/media?parent=999"}],"wp:term":[{"taxonomy":"product_brand","embeddable":true,"href":"https:\/\/minacore.ch\/fr\/wp-json\/wp\/v2\/product_brand?post=999"},{"taxonomy":"product_cat","embeddable":true,"href":"https:\/\/minacore.ch\/fr\/wp-json\/wp\/v2\/product_cat?post=999"},{"taxonomy":"product_tag","embeddable":true,"href":"https:\/\/minacore.ch\/fr\/wp-json\/wp\/v2\/product_tag?post=999"}],"curies":[{"name":"wp","href":"https:\/\/api.w.org\/{rel}","templated":true}]}}