{"id":990,"date":"2024-02-15T16:27:04","date_gmt":"2024-02-15T15:27:04","guid":{"rendered":"https:\/\/minacore.ch\/prodotto\/sac-ciotta-3\/"},"modified":"2024-04-09T20:30:51","modified_gmt":"2024-04-09T18:30:51","slug":"sac-ciotta-3","status":"publish","type":"product","link":"https:\/\/minacore.ch\/fr\/prodotto\/sac-ciotta-3\/","title":{"rendered":"Sac CIOTTA"},"content":{"rendered":"","protected":false},"excerpt":{"rendered":"<p>Le sac CIOTTA est une cr\u00e9ation \u00e9l\u00e9gante enti\u00e8rement r\u00e9alis\u00e9e au crochet. Ferm\u00e9 par deux boutons-pression pour plus de s\u00e9curit\u00e9 et de praticit\u00e9, il est dot\u00e9 d&rsquo;une fine cha\u00eene en acier qui permet de le porter confortablement \u00e0 l&rsquo;\u00e9paule. Son design unique est rehauss\u00e9 par un cadran tiss\u00e9, qui conf\u00e8re \u00e0 l&rsquo;ensemble une touche artisanale et un style distinctif.<\/p>\n","protected":false},"featured_media":571,"template":"","meta":{"_seopress_robots_primary_cat":"none","_seopress_titles_title":"Sac CIOTTA : l'\u00e9l\u00e9gance du crochet au service d'un style distinctif","_seopress_titles_desc":"D\u00e9couvrez la perfection artisanale du sac CIOTTA : un sac \u00e9l\u00e9gant, enti\u00e8rement crochet\u00e9, avec une fermeture \u00e0 bouton-pression pour une s\u00e9curit\u00e9 maximale. Dot\u00e9 d'une fine cha\u00eene en acier pour un port confortable \u00e0 l'\u00e9paule, son design unique et son cadran tiss\u00e9 lui conf\u00e8rent un style artisanal distinctif.","_seopress_robots_index":""},"product_brand":[],"product_cat":[177,325],"product_tag":[],"class_list":{"0":"post-990","1":"product","2":"type-product","3":"status-publish","4":"has-post-thumbnail","6":"product_cat-accessoires","7":"product_cat-sacs","9":"first","10":"outofstock","11":"sale","12":"shipping-taxable","13":"purchasable","14":"product-type-simple"},"jetpack_sharing_enabled":true,"_links":{"self":[{"href":"https:\/\/minacore.ch\/fr\/wp-json\/wp\/v2\/product\/990","targetHints":{"allow":["GET"]}}],"collection":[{"href":"https:\/\/minacore.ch\/fr\/wp-json\/wp\/v2\/product"}],"about":[{"href":"https:\/\/minacore.ch\/fr\/wp-json\/wp\/v2\/types\/product"}],"wp:featuredmedia":[{"embeddable":true,"href":"https:\/\/minacore.ch\/fr\/wp-json\/wp\/v2\/media\/571"}],"wp:attachment":[{"href":"https:\/\/minacore.ch\/fr\/wp-json\/wp\/v2\/media?parent=990"}],"wp:term":[{"taxonomy":"product_brand","embeddable":true,"href":"https:\/\/minacore.ch\/fr\/wp-json\/wp\/v2\/product_brand?post=990"},{"taxonomy":"product_cat","embeddable":true,"href":"https:\/\/minacore.ch\/fr\/wp-json\/wp\/v2\/product_cat?post=990"},{"taxonomy":"product_tag","embeddable":true,"href":"https:\/\/minacore.ch\/fr\/wp-json\/wp\/v2\/product_tag?post=990"}],"curies":[{"name":"wp","href":"https:\/\/api.w.org\/{rel}","templated":true}]}}