{"id":988,"date":"2024-02-08T13:57:00","date_gmt":"2024-02-08T12:57:00","guid":{"rendered":"https:\/\/minacore.ch\/prodotto\/moka-sunshine\/"},"modified":"2024-04-09T20:30:51","modified_gmt":"2024-04-09T18:30:51","slug":"moka-sunshine","status":"publish","type":"product","link":"https:\/\/minacore.ch\/fr\/prodotto\/moka-sunshine\/","title":{"rendered":"Moka Sunshine"},"content":{"rendered":"","protected":false},"excerpt":{"rendered":"<p>Mettez votre look en valeur avec la bralette &lsquo;Mocha Sunshine&rsquo;. Les tons bruns, beiges et jaunes cr\u00e9ent un m\u00e9lange ensoleill\u00e9. L&rsquo;encolure pr\u00e9sente un entrelacs distinctif, tandis que la fermeture au dos avec des lacets en crochet ajoute une touche de sensualit\u00e9. Un v\u00eatement raffin\u00e9 et original pour un style unique.<\/p>\n","protected":false},"featured_media":411,"template":"","meta":{"_seopress_robots_primary_cat":"none","_seopress_titles_title":"Mettez votre style en valeur avec la bralette 'Moka Sunshine' : tons ensoleill\u00e9s et d\u00e9tails sensuels","_seopress_titles_desc":"Ajoutez une touche ensoleill\u00e9e \u00e0 votre garde-robe avec la bralette 'Mocha Sunshine'. Les tons bruns, beiges et jaunes sont m\u00e9lang\u00e9s pour cr\u00e9er un m\u00e9lange vibrant. Avec son encolure tiss\u00e9e et sa fermeture au dos par des lacets en crochet, ce v\u00eatement offre un m\u00e9lange irr\u00e9sistible de sensualit\u00e9 et de sophistication. Choisissez la bralette 'Moka Sunshine' pour un look unique et original.","_seopress_robots_index":""},"product_brand":[],"product_cat":[122,302],"product_tag":[],"class_list":{"0":"post-988","1":"product","2":"type-product","3":"status-publish","4":"has-post-thumbnail","6":"product_cat-femme","7":"product_cat-haut-de-page","9":"first","10":"instock","11":"shipping-taxable","12":"purchasable","13":"product-type-simple"},"jetpack_sharing_enabled":true,"_links":{"self":[{"href":"https:\/\/minacore.ch\/fr\/wp-json\/wp\/v2\/product\/988","targetHints":{"allow":["GET"]}}],"collection":[{"href":"https:\/\/minacore.ch\/fr\/wp-json\/wp\/v2\/product"}],"about":[{"href":"https:\/\/minacore.ch\/fr\/wp-json\/wp\/v2\/types\/product"}],"wp:featuredmedia":[{"embeddable":true,"href":"https:\/\/minacore.ch\/fr\/wp-json\/wp\/v2\/media\/411"}],"wp:attachment":[{"href":"https:\/\/minacore.ch\/fr\/wp-json\/wp\/v2\/media?parent=988"}],"wp:term":[{"taxonomy":"product_brand","embeddable":true,"href":"https:\/\/minacore.ch\/fr\/wp-json\/wp\/v2\/product_brand?post=988"},{"taxonomy":"product_cat","embeddable":true,"href":"https:\/\/minacore.ch\/fr\/wp-json\/wp\/v2\/product_cat?post=988"},{"taxonomy":"product_tag","embeddable":true,"href":"https:\/\/minacore.ch\/fr\/wp-json\/wp\/v2\/product_tag?post=988"}],"curies":[{"name":"wp","href":"https:\/\/api.w.org\/{rel}","templated":true}]}}