{"id":986,"date":"2024-02-15T16:24:16","date_gmt":"2024-02-15T15:24:16","guid":{"rendered":"https:\/\/minacore.ch\/prodotto\/sac-ciotta-2\/"},"modified":"2024-04-09T20:30:53","modified_gmt":"2024-04-09T18:30:53","slug":"sac-ciotta-2","status":"publish","type":"product","link":"https:\/\/minacore.ch\/fr\/prodotto\/sac-ciotta-2\/","title":{"rendered":"Sac CIOTTA"},"content":{"rendered":"","protected":false},"excerpt":{"rendered":"<p>Le sac CIOTTA est une cr\u00e9ation \u00e9l\u00e9gante enti\u00e8rement r\u00e9alis\u00e9e au crochet. Ferm\u00e9 par deux boutons-pression pour plus de s\u00e9curit\u00e9 et de praticit\u00e9, il est dot\u00e9 d&rsquo;une fine cha\u00eene en acier qui permet de le porter confortablement \u00e0 l&rsquo;\u00e9paule. Son design unique est rehauss\u00e9 par un cadran tiss\u00e9, qui conf\u00e8re \u00e0 l&rsquo;ensemble une touche artisanale et un style distinctif.<\/p>\n","protected":false},"featured_media":556,"template":"","meta":{"_seopress_robots_primary_cat":"none","_seopress_titles_title":"Sac CIOTTA : l'\u00e9l\u00e9gance du crochet fait \u00e0 la main avec un design unique","_seopress_titles_desc":"D\u00e9couvrez l'\u00e9l\u00e9gance et le savoir-faire du sac CIOTTA : une cr\u00e9ation enti\u00e8rement crochet\u00e9e aux finitions raffin\u00e9es. Ferm\u00e9 par des boutons-pression pour plus de s\u00e9curit\u00e9 et de commodit\u00e9, il est \u00e9quip\u00e9 d'une cha\u00eene en acier pour un portage pratique \u00e0 l'\u00e9paule. Son design unique, rehauss\u00e9 par un cadran tiss\u00e9, lui conf\u00e8re un style distinctif et une touche artisanale. Achetez maintenant et ajoutez une touche de classe \u00e0 votre look.","_seopress_robots_index":""},"product_brand":[],"product_cat":[177,325],"product_tag":[],"class_list":{"0":"post-986","1":"product","2":"type-product","3":"status-publish","4":"has-post-thumbnail","6":"product_cat-accessoires","7":"product_cat-sacs","9":"first","10":"instock","11":"sale","12":"featured","13":"shipping-taxable","14":"purchasable","15":"product-type-simple"},"jetpack_sharing_enabled":true,"_links":{"self":[{"href":"https:\/\/minacore.ch\/fr\/wp-json\/wp\/v2\/product\/986","targetHints":{"allow":["GET"]}}],"collection":[{"href":"https:\/\/minacore.ch\/fr\/wp-json\/wp\/v2\/product"}],"about":[{"href":"https:\/\/minacore.ch\/fr\/wp-json\/wp\/v2\/types\/product"}],"wp:featuredmedia":[{"embeddable":true,"href":"https:\/\/minacore.ch\/fr\/wp-json\/wp\/v2\/media\/556"}],"wp:attachment":[{"href":"https:\/\/minacore.ch\/fr\/wp-json\/wp\/v2\/media?parent=986"}],"wp:term":[{"taxonomy":"product_brand","embeddable":true,"href":"https:\/\/minacore.ch\/fr\/wp-json\/wp\/v2\/product_brand?post=986"},{"taxonomy":"product_cat","embeddable":true,"href":"https:\/\/minacore.ch\/fr\/wp-json\/wp\/v2\/product_cat?post=986"},{"taxonomy":"product_tag","embeddable":true,"href":"https:\/\/minacore.ch\/fr\/wp-json\/wp\/v2\/product_tag?post=986"}],"curies":[{"name":"wp","href":"https:\/\/api.w.org\/{rel}","templated":true}]}}