{"id":985,"date":"2024-02-08T13:49:52","date_gmt":"2024-02-08T12:49:52","guid":{"rendered":"https:\/\/minacore.ch\/prodotto\/nonoublie-crop-top\/"},"modified":"2024-04-09T20:30:49","modified_gmt":"2024-04-09T18:30:49","slug":"nonoublie-crop-top","status":"publish","type":"product","link":"https:\/\/minacore.ch\/fr\/prodotto\/nonoublie-crop-top\/","title":{"rendered":"(non)oubli\u00e9 &#8211; crop-top"},"content":{"rendered":"","protected":false},"excerpt":{"rendered":"<p>Explorez l&rsquo;originalit\u00e9 durable avec notre crop top \u00a0\u00bb (non) oubli\u00e9 \u00ab\u00a0. Cr\u00e9\u00e9 en crochetant des pelotes de laine, de coton et d&rsquo;acrylique jet\u00e9es par d&rsquo;autres, ce v\u00eatement incarne la philosophie de notre ligne \u00ab\u00a0(un)forgotten\u00a0\u00bb qui c\u00e9l\u00e8bre la r\u00e9cup\u00e9ration de mat\u00e9riaux n\u00e9glig\u00e9s.<\/p>\n<p>Le travail au crochet conf\u00e8re au crop top un aspect artisanal et distinctif, tandis que les fils r\u00e9utilis\u00e9s conf\u00e8rent au v\u00eatement une histoire unique. L&rsquo;ouverture sur le devant ajoute une touche moderne et polyvalente, faisant de ce crop top un choix id\u00e9al pour un look d\u00e9contract\u00e9 et sans complexe.<\/p>\n<p>Chaque fil tiss\u00e9 raconte sa propre histoire de renouveau, transformant la d\u00e9su\u00e9tude en un v\u00eatement respectueux de l&rsquo;environnement et \u00e0 la mode. Choisissez le crop top \u00a0\u00bb (non) oubli\u00e9 \u00a0\u00bb pour exprimer votre style avec une touche de durabilit\u00e9.<\/p>\n","protected":false},"featured_media":414,"template":"","meta":{"_seopress_robots_primary_cat":"none","_seopress_titles_title":"Crop Top \"(non)oubli\u00e9\" : Mode durable et style artisanal","_seopress_titles_desc":"D\u00e9couvrez l'originalit\u00e9 durable avec le crop top \" (non) oubli\u00e9 \". Fabriqu\u00e9 \u00e0 partir de pelotes de laine, de coton et d'acrylique mises au rebut, ce v\u00eatement incarne la philosophie de notre ligne \"(un)forgotten\". Le crochet fait \u00e0 la main et les fils r\u00e9utilis\u00e9s conf\u00e8rent au v\u00eatement une \u00e9l\u00e9gance particuli\u00e8re. Polyvalent et moderne, avec une ouverture sur le devant, il est parfait pour un look d\u00e9contract\u00e9 et conscient. Optez pour la mode \u00e9cologique avec le crop top \"(un)forgotten\" et racontez l'histoire du renouveau \u00e0 travers votre style.","_seopress_robots_index":""},"product_brand":[],"product_cat":[122,302],"product_tag":[],"class_list":{"0":"post-985","1":"product","2":"type-product","3":"status-publish","4":"has-post-thumbnail","6":"product_cat-femme","7":"product_cat-haut-de-page","9":"first","10":"instock","11":"shipping-taxable","12":"purchasable","13":"product-type-simple"},"jetpack_sharing_enabled":true,"_links":{"self":[{"href":"https:\/\/minacore.ch\/fr\/wp-json\/wp\/v2\/product\/985","targetHints":{"allow":["GET"]}}],"collection":[{"href":"https:\/\/minacore.ch\/fr\/wp-json\/wp\/v2\/product"}],"about":[{"href":"https:\/\/minacore.ch\/fr\/wp-json\/wp\/v2\/types\/product"}],"wp:featuredmedia":[{"embeddable":true,"href":"https:\/\/minacore.ch\/fr\/wp-json\/wp\/v2\/media\/414"}],"wp:attachment":[{"href":"https:\/\/minacore.ch\/fr\/wp-json\/wp\/v2\/media?parent=985"}],"wp:term":[{"taxonomy":"product_brand","embeddable":true,"href":"https:\/\/minacore.ch\/fr\/wp-json\/wp\/v2\/product_brand?post=985"},{"taxonomy":"product_cat","embeddable":true,"href":"https:\/\/minacore.ch\/fr\/wp-json\/wp\/v2\/product_cat?post=985"},{"taxonomy":"product_tag","embeddable":true,"href":"https:\/\/minacore.ch\/fr\/wp-json\/wp\/v2\/product_tag?post=985"}],"curies":[{"name":"wp","href":"https:\/\/api.w.org\/{rel}","templated":true}]}}