{"id":979,"date":"2024-02-08T13:26:54","date_gmt":"2024-02-08T12:26:54","guid":{"rendered":"https:\/\/minacore.ch\/prodotto\/fraise-douce\/"},"modified":"2024-04-09T20:34:06","modified_gmt":"2024-04-09T18:34:06","slug":"fraise-douce","status":"publish","type":"product","link":"https:\/\/minacore.ch\/fr\/prodotto\/fraise-douce\/","title":{"rendered":"Fraise douce"},"content":{"rendered":"","protected":false},"excerpt":{"rendered":"<p>\u00c9l\u00e9gante et ludique, la robe Soft Strawberry est un must pour celles qui recherchent un style \u00e9l\u00e9gant avec une touche fra\u00eeche et contemporaine. Cousu selon la m\u00e9thode Alta Moda, il est r\u00e9alis\u00e9 en cr\u00eape de laine double et comporte une poche blanche orn\u00e9e d&rsquo;un ravissant motif de fraise brod\u00e9 de perles appliqu\u00e9es \u00e0 la main.<\/p>\n","protected":false},"featured_media":405,"template":"","meta":{"_seopress_robots_primary_cat":"none","_seopress_titles_title":"Robe \u00e0 la fraise : \u00e9l\u00e9gance contemporaine avec une touche de douceur","_seopress_titles_desc":"D\u00e9couvrez l'\u00e9l\u00e9gance ludique de la robe Soft Strawberry : un v\u00eatement indispensable pour un style frais et contemporain. R\u00e9alis\u00e9e selon la prestigieuse m\u00e9thode Alta Moda, cette robe en double cr\u00eape de laine apporte une touche de sophistication. Sa poche unique blanche est orn\u00e9e d'un ravissant motif de fraise brod\u00e9 de perles appliqu\u00e9es \u00e0 la main. Ajoutez une touche de douceur \u00e0 votre garde-robe avec cette robe irr\u00e9sistible.","_seopress_robots_index":""},"product_brand":[],"product_cat":[122,353],"product_tag":[],"class_list":{"0":"post-979","1":"product","2":"type-product","3":"status-publish","4":"has-post-thumbnail","6":"product_cat-femme","7":"product_cat-vetements","9":"first","10":"instock","11":"featured","12":"shipping-taxable","13":"purchasable","14":"product-type-simple"},"jetpack_sharing_enabled":true,"_links":{"self":[{"href":"https:\/\/minacore.ch\/fr\/wp-json\/wp\/v2\/product\/979","targetHints":{"allow":["GET"]}}],"collection":[{"href":"https:\/\/minacore.ch\/fr\/wp-json\/wp\/v2\/product"}],"about":[{"href":"https:\/\/minacore.ch\/fr\/wp-json\/wp\/v2\/types\/product"}],"wp:featuredmedia":[{"embeddable":true,"href":"https:\/\/minacore.ch\/fr\/wp-json\/wp\/v2\/media\/405"}],"wp:attachment":[{"href":"https:\/\/minacore.ch\/fr\/wp-json\/wp\/v2\/media?parent=979"}],"wp:term":[{"taxonomy":"product_brand","embeddable":true,"href":"https:\/\/minacore.ch\/fr\/wp-json\/wp\/v2\/product_brand?post=979"},{"taxonomy":"product_cat","embeddable":true,"href":"https:\/\/minacore.ch\/fr\/wp-json\/wp\/v2\/product_cat?post=979"},{"taxonomy":"product_tag","embeddable":true,"href":"https:\/\/minacore.ch\/fr\/wp-json\/wp\/v2\/product_tag?post=979"}],"curies":[{"name":"wp","href":"https:\/\/api.w.org\/{rel}","templated":true}]}}