{"id":978,"date":"2024-02-15T14:08:31","date_gmt":"2024-02-15T13:08:31","guid":{"rendered":"https:\/\/minacore.ch\/prodotto\/sac-ciotta\/"},"modified":"2024-04-09T20:30:50","modified_gmt":"2024-04-09T18:30:50","slug":"sac-ciotta","status":"publish","type":"product","link":"https:\/\/minacore.ch\/fr\/prodotto\/sac-ciotta\/","title":{"rendered":"Sac CIOTTA"},"content":{"rendered":"","protected":false},"excerpt":{"rendered":"<p>Le sac CIOTTA est une cr\u00e9ation \u00e9l\u00e9gante enti\u00e8rement r\u00e9alis\u00e9e au crochet. Ferm\u00e9 par deux boutons-pression pour plus de s\u00e9curit\u00e9 et de praticit\u00e9, il est dot\u00e9 d&rsquo;une fine cha\u00eene en acier qui permet de le porter confortablement \u00e0 l&rsquo;\u00e9paule. Son design unique est rehauss\u00e9 par un cadran tiss\u00e9, qui conf\u00e8re \u00e0 l&rsquo;ensemble une touche artisanale et un style distinctif.<\/p>\n","protected":false},"featured_media":530,"template":"","meta":{"_seopress_robots_primary_cat":"none","_seopress_titles_title":"Sac CIOTTA : l'\u00e9l\u00e9gance du crochet fait \u00e0 la main avec un design unique","_seopress_titles_desc":"D\u00e9couvrez l'\u00e9l\u00e9gance artisanale du sac CIOTTA, enti\u00e8rement r\u00e9alis\u00e9 au crochet. Avec une fermeture \u00e0 bouton-pression pour la s\u00e9curit\u00e9 et la commodit\u00e9, et une cha\u00eene en acier fin pour un port confortable. Son design unique, rehauss\u00e9 par un cadran tiss\u00e9, ajoute une touche distinctive de style artisanal \u00e0 votre look.","_seopress_robots_index":""},"product_brand":[],"product_cat":[177,325],"product_tag":[],"class_list":{"0":"post-978","1":"product","2":"type-product","3":"status-publish","4":"has-post-thumbnail","6":"product_cat-accessoires","7":"product_cat-sacs","9":"first","10":"outofstock","11":"sale","12":"shipping-taxable","13":"purchasable","14":"product-type-simple"},"jetpack_sharing_enabled":true,"_links":{"self":[{"href":"https:\/\/minacore.ch\/fr\/wp-json\/wp\/v2\/product\/978","targetHints":{"allow":["GET"]}}],"collection":[{"href":"https:\/\/minacore.ch\/fr\/wp-json\/wp\/v2\/product"}],"about":[{"href":"https:\/\/minacore.ch\/fr\/wp-json\/wp\/v2\/types\/product"}],"wp:featuredmedia":[{"embeddable":true,"href":"https:\/\/minacore.ch\/fr\/wp-json\/wp\/v2\/media\/530"}],"wp:attachment":[{"href":"https:\/\/minacore.ch\/fr\/wp-json\/wp\/v2\/media?parent=978"}],"wp:term":[{"taxonomy":"product_brand","embeddable":true,"href":"https:\/\/minacore.ch\/fr\/wp-json\/wp\/v2\/product_brand?post=978"},{"taxonomy":"product_cat","embeddable":true,"href":"https:\/\/minacore.ch\/fr\/wp-json\/wp\/v2\/product_cat?post=978"},{"taxonomy":"product_tag","embeddable":true,"href":"https:\/\/minacore.ch\/fr\/wp-json\/wp\/v2\/product_tag?post=978"}],"curies":[{"name":"wp","href":"https:\/\/api.w.org\/{rel}","templated":true}]}}