{"id":974,"date":"2024-02-08T13:45:59","date_gmt":"2024-02-08T12:45:59","guid":{"rendered":"https:\/\/minacore.ch\/prodotto\/brocart-charme\/"},"modified":"2024-04-23T11:56:57","modified_gmt":"2024-04-23T09:56:57","slug":"brocart-charme","status":"publish","type":"product","link":"https:\/\/minacore.ch\/fr\/prodotto\/brocart-charme\/","title":{"rendered":"Jupe en brocart Charme"},"content":{"rendered":"","protected":false},"excerpt":{"rendered":"<p>R\u00e9v\u00e9lez votre \u00e9l\u00e9gance avec la jupe en brocart Charme. Le gris fonc\u00e9 enveloppe avec style, tandis que le brocart apporte une touche raffin\u00e9e. La fermeture \u00e0 bouton argent\u00e9 compl\u00e8te avec classe ce v\u00eatement unique. Une \u00e9l\u00e9gance sans faille pour un look distinctif<\/p>\n","protected":false},"featured_media":1300,"template":"","meta":{"_seopress_robots_primary_cat":"none","_seopress_titles_title":"Jupe en brocart Charme : Dark Grey El\u00e9gance et raffinement","_seopress_titles_desc":"La jupe en brocart Charme vous conf\u00e8re une \u00e9l\u00e9gance sans effort : le gris fonc\u00e9 vous enveloppe avec style, tandis que le brocart apporte une touche raffin\u00e9e. La fermeture \u00e0 bouton argent\u00e9 lui conf\u00e8re une grande classe. Un v\u00eatement unique pour un look distinctif.","_seopress_robots_index":""},"product_brand":[],"product_cat":[122,288],"product_tag":[],"class_list":{"0":"post-974","1":"product","2":"type-product","3":"status-publish","4":"has-post-thumbnail","6":"product_cat-femme","7":"product_cat-pantalon","9":"first","10":"instock","11":"shipping-taxable","12":"purchasable","13":"product-type-simple"},"jetpack_sharing_enabled":true,"_links":{"self":[{"href":"https:\/\/minacore.ch\/fr\/wp-json\/wp\/v2\/product\/974","targetHints":{"allow":["GET"]}}],"collection":[{"href":"https:\/\/minacore.ch\/fr\/wp-json\/wp\/v2\/product"}],"about":[{"href":"https:\/\/minacore.ch\/fr\/wp-json\/wp\/v2\/types\/product"}],"wp:featuredmedia":[{"embeddable":true,"href":"https:\/\/minacore.ch\/fr\/wp-json\/wp\/v2\/media\/1300"}],"wp:attachment":[{"href":"https:\/\/minacore.ch\/fr\/wp-json\/wp\/v2\/media?parent=974"}],"wp:term":[{"taxonomy":"product_brand","embeddable":true,"href":"https:\/\/minacore.ch\/fr\/wp-json\/wp\/v2\/product_brand?post=974"},{"taxonomy":"product_cat","embeddable":true,"href":"https:\/\/minacore.ch\/fr\/wp-json\/wp\/v2\/product_cat?post=974"},{"taxonomy":"product_tag","embeddable":true,"href":"https:\/\/minacore.ch\/fr\/wp-json\/wp\/v2\/product_tag?post=974"}],"curies":[{"name":"wp","href":"https:\/\/api.w.org\/{rel}","templated":true}]}}