{"id":968,"date":"2024-02-08T13:32:04","date_gmt":"2024-02-08T12:32:04","guid":{"rendered":"https:\/\/minacore.ch\/prodotto\/coucher-de-soleil-doux\/"},"modified":"2024-04-26T13:22:32","modified_gmt":"2024-04-26T11:22:32","slug":"coucher-de-soleil-doux","status":"publish","type":"product","link":"https:\/\/minacore.ch\/fr\/prodotto\/coucher-de-soleil-doux\/","title":{"rendered":"Coucher de soleil doux"},"content":{"rendered":"","protected":false},"excerpt":{"rendered":"<p>Vivez l&rsquo;\u00e9t\u00e9 avec notre Sunset, une robe sans manches dans les tons orange et jaune. Fabriqu\u00e9 en coton 100 % recycl\u00e9 \u00e0 partir de draps de lit, il allie style et durabilit\u00e9. L\u00e9g\u00e8re et moderne, cette robe est le choix id\u00e9al pour celles qui recherchent confort et originalit\u00e9 tout en gardant un \u0153il sur l&rsquo;\u00e9cologie.<\/p>\n","protected":false},"featured_media":408,"template":"","meta":{"_seopress_robots_primary_cat":"none","_seopress_titles_title":"Sunset : Robe d'\u00e9t\u00e9 durable dans les tons orange et jaune","_seopress_titles_desc":"Vivez l'\u00e9t\u00e9 avec style et durabilit\u00e9 en portant notre Sunset, une robe sans manches dans les tons orange et jaune. Fabriqu\u00e9 en coton 100 % recycl\u00e9 \u00e0 partir de draps de lit, il allie mode et responsabilit\u00e9 environnementale. L\u00e9ger, moderne et confortable, il est le choix id\u00e9al pour ceux qui recherchent l'originalit\u00e9 sans sacrifier le respect de l'environnement.","_seopress_robots_index":""},"product_brand":[],"product_cat":[122,353],"product_tag":[],"class_list":{"0":"post-968","1":"product","2":"type-product","3":"status-publish","4":"has-post-thumbnail","6":"product_cat-femme","7":"product_cat-vetements","9":"first","10":"instock","11":"featured","12":"shipping-taxable","13":"purchasable","14":"product-type-simple"},"jetpack_sharing_enabled":true,"_links":{"self":[{"href":"https:\/\/minacore.ch\/fr\/wp-json\/wp\/v2\/product\/968","targetHints":{"allow":["GET"]}}],"collection":[{"href":"https:\/\/minacore.ch\/fr\/wp-json\/wp\/v2\/product"}],"about":[{"href":"https:\/\/minacore.ch\/fr\/wp-json\/wp\/v2\/types\/product"}],"wp:featuredmedia":[{"embeddable":true,"href":"https:\/\/minacore.ch\/fr\/wp-json\/wp\/v2\/media\/408"}],"wp:attachment":[{"href":"https:\/\/minacore.ch\/fr\/wp-json\/wp\/v2\/media?parent=968"}],"wp:term":[{"taxonomy":"product_brand","embeddable":true,"href":"https:\/\/minacore.ch\/fr\/wp-json\/wp\/v2\/product_brand?post=968"},{"taxonomy":"product_cat","embeddable":true,"href":"https:\/\/minacore.ch\/fr\/wp-json\/wp\/v2\/product_cat?post=968"},{"taxonomy":"product_tag","embeddable":true,"href":"https:\/\/minacore.ch\/fr\/wp-json\/wp\/v2\/product_tag?post=968"}],"curies":[{"name":"wp","href":"https:\/\/api.w.org\/{rel}","templated":true}]}}