{"id":2747,"date":"2024-05-10T16:38:00","date_gmt":"2024-05-10T14:38:00","guid":{"rendered":"https:\/\/minacore.ch\/prodotto\/boho-bolero\/"},"modified":"2024-05-10T16:38:00","modified_gmt":"2024-05-10T14:38:00","slug":"boho-bolero","status":"publish","type":"product","link":"https:\/\/minacore.ch\/fr\/prodotto\/boho-bolero\/","title":{"rendered":"Boho &#8211; Bol\u00e9ro"},"content":{"rendered":"","protected":false},"excerpt":{"rendered":"<p>Ajoutez une touche d&rsquo;\u00e9l\u00e9gance et de fra\u00eecheur \u00e0 votre look avec notre bol\u00e9ro crochet\u00e9, fabriqu\u00e9 \u00e0 la main \u00e0 partir de coton et de bambou de haute qualit\u00e9. Le crochet fait \u00e0 la main conf\u00e8re au bol\u00e9ro une d\u00e9licatesse et une l\u00e9g\u00e8ret\u00e9 uniques, parfaites pour les jours les plus chauds. La combinaison de coton et de bambou assure confort et respirabilit\u00e9, tandis que le design polyvalent s&rsquo;adapte \u00e0 de multiples styles et occasions. Optez pour la beaut\u00e9 artisanale et la durabilit\u00e9 avec notre bol\u00e9ro crochet\u00e9, un accessoire chic qui compl\u00e8te votre look avec style et originalit\u00e9.<\/p>\n","protected":false},"featured_media":2739,"template":"","meta":{"_seopress_robots_primary_cat":"","_seopress_titles_title":"","_seopress_titles_desc":"","_seopress_robots_index":""},"product_brand":[],"product_cat":[122,302,313],"product_tag":[],"class_list":{"0":"post-2747","1":"product","2":"type-product","3":"status-publish","4":"has-post-thumbnail","6":"product_cat-femme","7":"product_cat-haut-de-page","8":"product_cat-vestes","10":"first","11":"instock","12":"shipping-taxable","13":"purchasable","14":"product-type-simple"},"jetpack_sharing_enabled":true,"_links":{"self":[{"href":"https:\/\/minacore.ch\/fr\/wp-json\/wp\/v2\/product\/2747","targetHints":{"allow":["GET"]}}],"collection":[{"href":"https:\/\/minacore.ch\/fr\/wp-json\/wp\/v2\/product"}],"about":[{"href":"https:\/\/minacore.ch\/fr\/wp-json\/wp\/v2\/types\/product"}],"wp:featuredmedia":[{"embeddable":true,"href":"https:\/\/minacore.ch\/fr\/wp-json\/wp\/v2\/media\/2739"}],"wp:attachment":[{"href":"https:\/\/minacore.ch\/fr\/wp-json\/wp\/v2\/media?parent=2747"}],"wp:term":[{"taxonomy":"product_brand","embeddable":true,"href":"https:\/\/minacore.ch\/fr\/wp-json\/wp\/v2\/product_brand?post=2747"},{"taxonomy":"product_cat","embeddable":true,"href":"https:\/\/minacore.ch\/fr\/wp-json\/wp\/v2\/product_cat?post=2747"},{"taxonomy":"product_tag","embeddable":true,"href":"https:\/\/minacore.ch\/fr\/wp-json\/wp\/v2\/product_tag?post=2747"}],"curies":[{"name":"wp","href":"https:\/\/api.w.org\/{rel}","templated":true}]}}