{"id":2572,"date":"2024-05-10T15:17:50","date_gmt":"2024-05-10T13:17:50","guid":{"rendered":"https:\/\/minacore.ch\/prodotto\/unforgotten-croptop-sweatshirt\/"},"modified":"2024-05-10T15:17:50","modified_gmt":"2024-05-10T13:17:50","slug":"unforgotten-croptop-sweatshirt","status":"publish","type":"product","link":"https:\/\/minacore.ch\/fr\/prodotto\/unforgotten-croptop-sweatshirt\/","title":{"rendered":"(un)forgotten &#8211; CropTop Sweatshirt"},"content":{"rendered":"","protected":false},"excerpt":{"rendered":"<p>Rendez hommage \u00e0 l&rsquo;artisanat et au d\u00e9veloppement durable avec notre sweat-shirt crop top crochet\u00e9, fabriqu\u00e9 \u00e0 la main \u00e0 partir de coton biologique et de fils recycl\u00e9s. Chaque point est l&rsquo;expression d&rsquo;un engagement pour un avenir plus vert et d&rsquo;un amour pour l&rsquo;artisanat traditionnel. Avec un design polyvalent et unique, ce sweat-shirt crop top est id\u00e9al pour ajouter une touche de style distinctif \u00e0 votre garde-robe. Optez pour une mode consciente et tendance avec notre sweat-shirt en crochet, parfait pour ceux qui appr\u00e9cient l&rsquo;\u00e9l\u00e9gance et le respect de l&rsquo;environnement.<\/p>\n","protected":false},"featured_media":2568,"template":"","meta":{"_seopress_robots_primary_cat":"","_seopress_titles_title":"","_seopress_titles_desc":"","_seopress_robots_index":""},"product_brand":[],"product_cat":[122,302,313],"product_tag":[],"class_list":{"0":"post-2572","1":"product","2":"type-product","3":"status-publish","4":"has-post-thumbnail","6":"product_cat-femme","7":"product_cat-haut-de-page","8":"product_cat-vestes","10":"first","11":"instock","12":"shipping-taxable","13":"purchasable","14":"product-type-simple"},"jetpack_sharing_enabled":true,"_links":{"self":[{"href":"https:\/\/minacore.ch\/fr\/wp-json\/wp\/v2\/product\/2572","targetHints":{"allow":["GET"]}}],"collection":[{"href":"https:\/\/minacore.ch\/fr\/wp-json\/wp\/v2\/product"}],"about":[{"href":"https:\/\/minacore.ch\/fr\/wp-json\/wp\/v2\/types\/product"}],"wp:featuredmedia":[{"embeddable":true,"href":"https:\/\/minacore.ch\/fr\/wp-json\/wp\/v2\/media\/2568"}],"wp:attachment":[{"href":"https:\/\/minacore.ch\/fr\/wp-json\/wp\/v2\/media?parent=2572"}],"wp:term":[{"taxonomy":"product_brand","embeddable":true,"href":"https:\/\/minacore.ch\/fr\/wp-json\/wp\/v2\/product_brand?post=2572"},{"taxonomy":"product_cat","embeddable":true,"href":"https:\/\/minacore.ch\/fr\/wp-json\/wp\/v2\/product_cat?post=2572"},{"taxonomy":"product_tag","embeddable":true,"href":"https:\/\/minacore.ch\/fr\/wp-json\/wp\/v2\/product_tag?post=2572"}],"curies":[{"name":"wp","href":"https:\/\/api.w.org\/{rel}","templated":true}]}}