{"id":2556,"date":"2024-05-10T14:36:01","date_gmt":"2024-05-10T12:36:01","guid":{"rendered":"https:\/\/minacore.ch\/prodotto\/ananas-grove\/"},"modified":"2024-05-10T14:36:01","modified_gmt":"2024-05-10T12:36:01","slug":"ananas-grove","status":"publish","type":"product","link":"https:\/\/minacore.ch\/fr\/prodotto\/ananas-grove\/","title":{"rendered":"Ananas Grove"},"content":{"rendered":"","protected":false},"excerpt":{"rendered":"<p>Exprimez votre esprit tropical avec notre top crop sans manches &lsquo;Pineapple Grove&rsquo;. Fabriqu\u00e9 \u00e0 la main \u00e0 partir de coton recycl\u00e9, ce T-shirt allie mode et durabilit\u00e9 dans une m\u00eame cr\u00e9ation. Avec une fente semi-circulaire aux hanches pour une touche d&rsquo;originalit\u00e9, le motif jaune et vert \u00e9voque des images de fra\u00eeches for\u00eats de pins tropicales. Ajoutez une touche de dynamisme \u00e0 votre look estival avec ce T-shirt unique et \u00e9cologique, parfait pour embrasser l&rsquo;esprit de la nature tout en se d\u00e9marquant avec style.<\/p>\n","protected":false},"featured_media":2552,"template":"","meta":{"_seopress_robots_primary_cat":"","_seopress_titles_title":"","_seopress_titles_desc":"","_seopress_robots_index":""},"product_brand":[],"product_cat":[122,302],"product_tag":[],"class_list":{"0":"post-2556","1":"product","2":"type-product","3":"status-publish","4":"has-post-thumbnail","6":"product_cat-femme","7":"product_cat-haut-de-page","9":"first","10":"instock","11":"sale","12":"shipping-taxable","13":"purchasable","14":"product-type-simple"},"jetpack_sharing_enabled":true,"_links":{"self":[{"href":"https:\/\/minacore.ch\/fr\/wp-json\/wp\/v2\/product\/2556","targetHints":{"allow":["GET"]}}],"collection":[{"href":"https:\/\/minacore.ch\/fr\/wp-json\/wp\/v2\/product"}],"about":[{"href":"https:\/\/minacore.ch\/fr\/wp-json\/wp\/v2\/types\/product"}],"wp:featuredmedia":[{"embeddable":true,"href":"https:\/\/minacore.ch\/fr\/wp-json\/wp\/v2\/media\/2552"}],"wp:attachment":[{"href":"https:\/\/minacore.ch\/fr\/wp-json\/wp\/v2\/media?parent=2556"}],"wp:term":[{"taxonomy":"product_brand","embeddable":true,"href":"https:\/\/minacore.ch\/fr\/wp-json\/wp\/v2\/product_brand?post=2556"},{"taxonomy":"product_cat","embeddable":true,"href":"https:\/\/minacore.ch\/fr\/wp-json\/wp\/v2\/product_cat?post=2556"},{"taxonomy":"product_tag","embeddable":true,"href":"https:\/\/minacore.ch\/fr\/wp-json\/wp\/v2\/product_tag?post=2556"}],"curies":[{"name":"wp","href":"https:\/\/api.w.org\/{rel}","templated":true}]}}