{"id":2536,"date":"2024-05-10T14:26:21","date_gmt":"2024-05-10T12:26:21","guid":{"rendered":"https:\/\/minacore.ch\/prodotto\/unoublie-cardigan-hexagonal\/"},"modified":"2024-05-10T14:29:48","modified_gmt":"2024-05-10T12:29:48","slug":"unoublie-cardigan-hexagonal","status":"publish","type":"product","link":"https:\/\/minacore.ch\/fr\/prodotto\/unoublie-cardigan-hexagonal\/","title":{"rendered":"(in)oubli\u00e9 &#8211; Cardigan hexagonal"},"content":{"rendered":"","protected":false},"excerpt":{"rendered":"<p>Enveloppez-vous dans un luxe \u00e9cologique avec notre cardigan unique, un m\u00e9lange harmonieux de coton biologique et de fils recycl\u00e9s. Fabriqu\u00e9 \u00e0 la main avec amour et dans le souci du d\u00e9tail, ce cardigan incarne l&rsquo;essence de la durabilit\u00e9 et du style distinctif. Avec la moiti\u00e9 du tissu provenant de coton biologique et l&rsquo;autre moiti\u00e9 de fils recycl\u00e9s, chaque v\u00eatement t\u00e9moigne de l&rsquo;engagement en faveur d&rsquo;un avenir plus vert. Ajoutez de la chaleur et du caract\u00e8re \u00e0 votre garde-robe avec cet \u00e9l\u00e9gant cardigan qui allie mode et responsabilit\u00e9 environnementale.<\/p>\n","protected":false},"featured_media":2520,"template":"","meta":{"_seopress_robots_primary_cat":"","_seopress_titles_title":"","_seopress_titles_desc":"","_seopress_robots_index":""},"product_brand":[],"product_cat":[122,313],"product_tag":[],"class_list":{"0":"post-2536","1":"product","2":"type-product","3":"status-publish","4":"has-post-thumbnail","6":"product_cat-femme","7":"product_cat-vestes","9":"first","10":"instock","11":"shipping-taxable","12":"purchasable","13":"product-type-variable"},"jetpack_sharing_enabled":true,"_links":{"self":[{"href":"https:\/\/minacore.ch\/fr\/wp-json\/wp\/v2\/product\/2536","targetHints":{"allow":["GET"]}}],"collection":[{"href":"https:\/\/minacore.ch\/fr\/wp-json\/wp\/v2\/product"}],"about":[{"href":"https:\/\/minacore.ch\/fr\/wp-json\/wp\/v2\/types\/product"}],"wp:featuredmedia":[{"embeddable":true,"href":"https:\/\/minacore.ch\/fr\/wp-json\/wp\/v2\/media\/2520"}],"wp:attachment":[{"href":"https:\/\/minacore.ch\/fr\/wp-json\/wp\/v2\/media?parent=2536"}],"wp:term":[{"taxonomy":"product_brand","embeddable":true,"href":"https:\/\/minacore.ch\/fr\/wp-json\/wp\/v2\/product_brand?post=2536"},{"taxonomy":"product_cat","embeddable":true,"href":"https:\/\/minacore.ch\/fr\/wp-json\/wp\/v2\/product_cat?post=2536"},{"taxonomy":"product_tag","embeddable":true,"href":"https:\/\/minacore.ch\/fr\/wp-json\/wp\/v2\/product_tag?post=2536"}],"curies":[{"name":"wp","href":"https:\/\/api.w.org\/{rel}","templated":true}]}}