{"id":2504,"date":"2024-05-10T14:21:05","date_gmt":"2024-05-10T12:21:05","guid":{"rendered":"https:\/\/minacore.ch\/prodotto\/upcycled-maillot-sans-manches\/"},"modified":"2024-05-10T14:29:59","modified_gmt":"2024-05-10T12:29:59","slug":"upcycled-maillot-sans-manches","status":"publish","type":"product","link":"https:\/\/minacore.ch\/fr\/prodotto\/upcycled-maillot-sans-manches\/","title":{"rendered":"UpCycle &#8211; Maillot sans manches"},"content":{"rendered":"","protected":false},"excerpt":{"rendered":"<p>Ajoutez une touche d&rsquo;audace \u00e0 votre look avec notre chemise noire sans manches, courte devant et longue derri\u00e8re. Soigneusement fabriqu\u00e9e \u00e0 la main \u00e0 partir de t-shirts recycl\u00e9s, cette chemise incarne l&rsquo;esprit du d\u00e9veloppement durable et de la mode unique. Avec son design original et sa conscience \u00e9cologique, cette chemise est une option chic pour ceux qui veulent se d\u00e9marquer tout en respectant l&rsquo;environnement.<\/p>\n","protected":false},"featured_media":2492,"template":"","meta":{"_seopress_robots_primary_cat":"","_seopress_titles_title":"","_seopress_titles_desc":"","_seopress_robots_index":""},"product_brand":[],"product_cat":[122,302],"product_tag":[],"class_list":{"0":"post-2504","1":"product","2":"type-product","3":"status-publish","4":"has-post-thumbnail","6":"product_cat-femme","7":"product_cat-haut-de-page","9":"first","10":"instock","11":"sale","12":"shipping-taxable","13":"purchasable","14":"product-type-simple"},"jetpack_sharing_enabled":true,"_links":{"self":[{"href":"https:\/\/minacore.ch\/fr\/wp-json\/wp\/v2\/product\/2504","targetHints":{"allow":["GET"]}}],"collection":[{"href":"https:\/\/minacore.ch\/fr\/wp-json\/wp\/v2\/product"}],"about":[{"href":"https:\/\/minacore.ch\/fr\/wp-json\/wp\/v2\/types\/product"}],"wp:featuredmedia":[{"embeddable":true,"href":"https:\/\/minacore.ch\/fr\/wp-json\/wp\/v2\/media\/2492"}],"wp:attachment":[{"href":"https:\/\/minacore.ch\/fr\/wp-json\/wp\/v2\/media?parent=2504"}],"wp:term":[{"taxonomy":"product_brand","embeddable":true,"href":"https:\/\/minacore.ch\/fr\/wp-json\/wp\/v2\/product_brand?post=2504"},{"taxonomy":"product_cat","embeddable":true,"href":"https:\/\/minacore.ch\/fr\/wp-json\/wp\/v2\/product_cat?post=2504"},{"taxonomy":"product_tag","embeddable":true,"href":"https:\/\/minacore.ch\/fr\/wp-json\/wp\/v2\/product_tag?post=2504"}],"curies":[{"name":"wp","href":"https:\/\/api.w.org\/{rel}","templated":true}]}}