{"id":2488,"date":"2024-05-10T14:16:12","date_gmt":"2024-05-10T12:16:12","guid":{"rendered":"https:\/\/minacore.ch\/prodotto\/upcycled-debardeur\/"},"modified":"2024-05-10T14:30:12","modified_gmt":"2024-05-10T12:30:12","slug":"upcycled-debardeur","status":"publish","type":"product","link":"https:\/\/minacore.ch\/fr\/prodotto\/upcycled-debardeur\/","title":{"rendered":"UpCycle &#8211; D\u00e9bardeur"},"content":{"rendered":"","protected":false},"excerpt":{"rendered":"<p>Exprimez votre style unique avec notre top noir et vert, cr\u00e9\u00e9 avec amour et dans le respect du d\u00e9veloppement durable. Fabriqu\u00e9e \u00e0 la main \u00e0 partir de t-shirts et de jeans recycl\u00e9s, chaque pi\u00e8ce est unique et apporte une touche d&rsquo;originalit\u00e9 \u00e0 votre garde-robe. Optez pour une mode consciente et respectueuse de l&rsquo;environnement avec nos v\u00eatements uniques et \u00e0 la mode.<\/p>\n","protected":false},"featured_media":2476,"template":"","meta":{"_seopress_robots_primary_cat":"","_seopress_titles_title":"","_seopress_titles_desc":"","_seopress_robots_index":""},"product_brand":[],"product_cat":[122,302],"product_tag":[],"class_list":{"0":"post-2488","1":"product","2":"type-product","3":"status-publish","4":"has-post-thumbnail","6":"product_cat-femme","7":"product_cat-haut-de-page","9":"first","10":"instock","11":"shipping-taxable","12":"purchasable","13":"product-type-simple"},"jetpack_sharing_enabled":true,"_links":{"self":[{"href":"https:\/\/minacore.ch\/fr\/wp-json\/wp\/v2\/product\/2488","targetHints":{"allow":["GET"]}}],"collection":[{"href":"https:\/\/minacore.ch\/fr\/wp-json\/wp\/v2\/product"}],"about":[{"href":"https:\/\/minacore.ch\/fr\/wp-json\/wp\/v2\/types\/product"}],"wp:featuredmedia":[{"embeddable":true,"href":"https:\/\/minacore.ch\/fr\/wp-json\/wp\/v2\/media\/2476"}],"wp:attachment":[{"href":"https:\/\/minacore.ch\/fr\/wp-json\/wp\/v2\/media?parent=2488"}],"wp:term":[{"taxonomy":"product_brand","embeddable":true,"href":"https:\/\/minacore.ch\/fr\/wp-json\/wp\/v2\/product_brand?post=2488"},{"taxonomy":"product_cat","embeddable":true,"href":"https:\/\/minacore.ch\/fr\/wp-json\/wp\/v2\/product_cat?post=2488"},{"taxonomy":"product_tag","embeddable":true,"href":"https:\/\/minacore.ch\/fr\/wp-json\/wp\/v2\/product_tag?post=2488"}],"curies":[{"name":"wp","href":"https:\/\/api.w.org\/{rel}","templated":true}]}}