{"id":2465,"date":"2024-05-03T14:17:07","date_gmt":"2024-05-03T12:17:07","guid":{"rendered":"https:\/\/minacore.ch\/prodotto\/ecobimbo-cardigan\/"},"modified":"2024-05-03T14:22:26","modified_gmt":"2024-05-03T12:22:26","slug":"ecobimbo-cardigan","status":"publish","type":"product","link":"https:\/\/minacore.ch\/fr\/prodotto\/ecobimbo-cardigan\/","title":{"rendered":"EcoBimbo &#8211; Cardigan"},"content":{"rendered":"","protected":false},"excerpt":{"rendered":"<p>Notre cardigan en coton blanc, orn\u00e9 d&rsquo;appliqu\u00e9s rouge vif, est une \u0153uvre d&rsquo;art crochet\u00e9e \u00e0 la main, con\u00e7ue sp\u00e9cialement pour les petits. Un v\u00eatement \u00e9l\u00e9gant et unique, parfait pour ajouter une touche de couleur et de style \u00e0 la garde-robe printani\u00e8re de vos enfants.<\/p>\n","protected":false},"featured_media":2457,"template":"","meta":{"_seopress_robots_primary_cat":"","_seopress_titles_title":"","_seopress_titles_desc":"","_seopress_robots_index":""},"product_brand":[],"product_cat":[268],"product_tag":[],"class_list":{"0":"post-2465","1":"product","2":"type-product","3":"status-publish","4":"has-post-thumbnail","6":"product_cat-enfant","8":"first","9":"outofstock","10":"shipping-taxable","11":"purchasable","12":"product-type-simple"},"jetpack_sharing_enabled":true,"_links":{"self":[{"href":"https:\/\/minacore.ch\/fr\/wp-json\/wp\/v2\/product\/2465","targetHints":{"allow":["GET"]}}],"collection":[{"href":"https:\/\/minacore.ch\/fr\/wp-json\/wp\/v2\/product"}],"about":[{"href":"https:\/\/minacore.ch\/fr\/wp-json\/wp\/v2\/types\/product"}],"wp:featuredmedia":[{"embeddable":true,"href":"https:\/\/minacore.ch\/fr\/wp-json\/wp\/v2\/media\/2457"}],"wp:attachment":[{"href":"https:\/\/minacore.ch\/fr\/wp-json\/wp\/v2\/media?parent=2465"}],"wp:term":[{"taxonomy":"product_brand","embeddable":true,"href":"https:\/\/minacore.ch\/fr\/wp-json\/wp\/v2\/product_brand?post=2465"},{"taxonomy":"product_cat","embeddable":true,"href":"https:\/\/minacore.ch\/fr\/wp-json\/wp\/v2\/product_cat?post=2465"},{"taxonomy":"product_tag","embeddable":true,"href":"https:\/\/minacore.ch\/fr\/wp-json\/wp\/v2\/product_tag?post=2465"}],"curies":[{"name":"wp","href":"https:\/\/api.w.org\/{rel}","templated":true}]}}