{"id":2362,"date":"2024-04-25T13:34:46","date_gmt":"2024-04-25T11:34:46","guid":{"rendered":"https:\/\/minacore.ch\/prodotto\/salopette-ecobimbo-2\/"},"modified":"2024-04-30T11:20:01","modified_gmt":"2024-04-30T09:20:01","slug":"salopette-ecobimbo-2","status":"publish","type":"product","link":"https:\/\/minacore.ch\/fr\/prodotto\/salopette-ecobimbo-2\/","title":{"rendered":"Salopette EcoBimbo"},"content":{"rendered":"","protected":false},"excerpt":{"rendered":"<p>D\u00e9licieusement fabriqu\u00e9e \u00e0 la main, notre salopette pour enfants est soigneusement confectionn\u00e9e en coton crochet\u00e9 doux, garantissant confort et style \u00e0 votre petit explorateur. Avec ses d\u00e9tails complexes et son design unique, cette salopette apporte une touche de douceur et d&rsquo;originalit\u00e9 \u00e0 la garde-robe de votre enfant. Parfaite pour toutes les aventures et toutes les occasions, cette cr\u00e9ation artisanale est un chef-d&rsquo;\u0153uvre de confort et de mode pour les petits.<\/p>\n","protected":false},"featured_media":2287,"template":"","meta":{"_seopress_robots_primary_cat":"none","_seopress_titles_title":"","_seopress_titles_desc":"","_seopress_robots_index":""},"product_brand":[],"product_cat":[268],"product_tag":[],"class_list":{"0":"post-2362","1":"product","2":"type-product","3":"status-publish","4":"has-post-thumbnail","6":"product_cat-enfant","8":"first","9":"outofstock","10":"shipping-taxable","11":"purchasable","12":"product-type-variable"},"jetpack_sharing_enabled":true,"_links":{"self":[{"href":"https:\/\/minacore.ch\/fr\/wp-json\/wp\/v2\/product\/2362","targetHints":{"allow":["GET"]}}],"collection":[{"href":"https:\/\/minacore.ch\/fr\/wp-json\/wp\/v2\/product"}],"about":[{"href":"https:\/\/minacore.ch\/fr\/wp-json\/wp\/v2\/types\/product"}],"wp:featuredmedia":[{"embeddable":true,"href":"https:\/\/minacore.ch\/fr\/wp-json\/wp\/v2\/media\/2287"}],"wp:attachment":[{"href":"https:\/\/minacore.ch\/fr\/wp-json\/wp\/v2\/media?parent=2362"}],"wp:term":[{"taxonomy":"product_brand","embeddable":true,"href":"https:\/\/minacore.ch\/fr\/wp-json\/wp\/v2\/product_brand?post=2362"},{"taxonomy":"product_cat","embeddable":true,"href":"https:\/\/minacore.ch\/fr\/wp-json\/wp\/v2\/product_cat?post=2362"},{"taxonomy":"product_tag","embeddable":true,"href":"https:\/\/minacore.ch\/fr\/wp-json\/wp\/v2\/product_tag?post=2362"}],"curies":[{"name":"wp","href":"https:\/\/api.w.org\/{rel}","templated":true}]}}