{"id":2361,"date":"2024-04-25T14:05:51","date_gmt":"2024-04-25T12:05:51","guid":{"rendered":"https:\/\/minacore.ch\/prodotto\/cardigan-ecobimbo\/"},"modified":"2024-04-25T14:05:51","modified_gmt":"2024-04-25T12:05:51","slug":"cardigan-ecobimbo","status":"publish","type":"product","link":"https:\/\/minacore.ch\/fr\/prodotto\/cardigan-ecobimbo\/","title":{"rendered":"Cardigan EcoBimbo"},"content":{"rendered":"","protected":false},"excerpt":{"rendered":"<p>D\u00e9licatement confectionn\u00e9 \u00e0 la main, notre gilet crochet\u00e9 pour enfants est un chef-d&rsquo;\u0153uvre de douceur et de confort. Fabriqu\u00e9 avec amour et soin en coton doux, ce cardigan est un ajout charmant \u00e0 la garde-robe de votre enfant. Avec ses d\u00e9tails complexes et son design accrocheur, ce v\u00eatement est parfait pour cr\u00e9er des tenues adorables et c\u00e2lines, offrant chaleur et style en toute occasion. Une option polyvalente et charmante pour les jeux et les journ\u00e9es fra\u00eeches.<\/p>\n","protected":false},"featured_media":2338,"template":"","meta":{"_seopress_robots_primary_cat":"","_seopress_titles_title":"","_seopress_titles_desc":"","_seopress_robots_index":""},"product_brand":[],"product_cat":[268],"product_tag":[],"class_list":{"0":"post-2361","1":"product","2":"type-product","3":"status-publish","4":"has-post-thumbnail","6":"product_cat-enfant","8":"first","9":"instock","10":"shipping-taxable","11":"purchasable","12":"product-type-simple"},"jetpack_sharing_enabled":true,"_links":{"self":[{"href":"https:\/\/minacore.ch\/fr\/wp-json\/wp\/v2\/product\/2361","targetHints":{"allow":["GET"]}}],"collection":[{"href":"https:\/\/minacore.ch\/fr\/wp-json\/wp\/v2\/product"}],"about":[{"href":"https:\/\/minacore.ch\/fr\/wp-json\/wp\/v2\/types\/product"}],"wp:featuredmedia":[{"embeddable":true,"href":"https:\/\/minacore.ch\/fr\/wp-json\/wp\/v2\/media\/2338"}],"wp:attachment":[{"href":"https:\/\/minacore.ch\/fr\/wp-json\/wp\/v2\/media?parent=2361"}],"wp:term":[{"taxonomy":"product_brand","embeddable":true,"href":"https:\/\/minacore.ch\/fr\/wp-json\/wp\/v2\/product_brand?post=2361"},{"taxonomy":"product_cat","embeddable":true,"href":"https:\/\/minacore.ch\/fr\/wp-json\/wp\/v2\/product_cat?post=2361"},{"taxonomy":"product_tag","embeddable":true,"href":"https:\/\/minacore.ch\/fr\/wp-json\/wp\/v2\/product_tag?post=2361"}],"curies":[{"name":"wp","href":"https:\/\/api.w.org\/{rel}","templated":true}]}}