{"id":2353,"date":"2024-04-25T13:44:14","date_gmt":"2024-04-25T11:44:14","guid":{"rendered":"https:\/\/minacore.ch\/prodotto\/capot-ecococcola\/"},"modified":"2024-04-30T11:25:25","modified_gmt":"2024-04-30T09:25:25","slug":"capot-ecococcola","status":"publish","type":"product","link":"https:\/\/minacore.ch\/fr\/prodotto\/capot-ecococcola\/","title":{"rendered":"Capot EcoCoccola"},"content":{"rendered":"","protected":false},"excerpt":{"rendered":"<p>Enveloppante et charmante, notre cagoule pour enfants est un chef-d&rsquo;\u0153uvre artisanal, parfait pour prot\u00e9ger votre enfant du froid avec style et confort. Fabriqu\u00e9e en fil doux et confectionn\u00e9e avec soin, cette cape offre une touche d&rsquo;\u00e9l\u00e9gance et de chaleur en toute occasion. Avec son design polyvalent et charmant, cette cape est un ajout charmant \u00e0 la garde-robe de votre enfant, parfaite pour les aventures hivernales et les occasions sp\u00e9ciales.<\/p>\n","protected":false},"featured_media":2316,"template":"","meta":{"_seopress_robots_primary_cat":"none","_seopress_titles_title":"","_seopress_titles_desc":"","_seopress_robots_index":""},"product_brand":[],"product_cat":[268],"product_tag":[],"class_list":{"0":"post-2353","1":"product","2":"type-product","3":"status-publish","4":"has-post-thumbnail","6":"product_cat-enfant","8":"first","9":"instock","10":"shipping-taxable","11":"purchasable","12":"product-type-simple"},"jetpack_sharing_enabled":true,"_links":{"self":[{"href":"https:\/\/minacore.ch\/fr\/wp-json\/wp\/v2\/product\/2353","targetHints":{"allow":["GET"]}}],"collection":[{"href":"https:\/\/minacore.ch\/fr\/wp-json\/wp\/v2\/product"}],"about":[{"href":"https:\/\/minacore.ch\/fr\/wp-json\/wp\/v2\/types\/product"}],"wp:featuredmedia":[{"embeddable":true,"href":"https:\/\/minacore.ch\/fr\/wp-json\/wp\/v2\/media\/2316"}],"wp:attachment":[{"href":"https:\/\/minacore.ch\/fr\/wp-json\/wp\/v2\/media?parent=2353"}],"wp:term":[{"taxonomy":"product_brand","embeddable":true,"href":"https:\/\/minacore.ch\/fr\/wp-json\/wp\/v2\/product_brand?post=2353"},{"taxonomy":"product_cat","embeddable":true,"href":"https:\/\/minacore.ch\/fr\/wp-json\/wp\/v2\/product_cat?post=2353"},{"taxonomy":"product_tag","embeddable":true,"href":"https:\/\/minacore.ch\/fr\/wp-json\/wp\/v2\/product_tag?post=2353"}],"curies":[{"name":"wp","href":"https:\/\/api.w.org\/{rel}","templated":true}]}}