{"id":2352,"date":"2024-04-25T13:40:23","date_gmt":"2024-04-25T11:40:23","guid":{"rendered":"https:\/\/minacore.ch\/prodotto\/gilet-ecobimbo\/"},"modified":"2024-04-30T11:21:39","modified_gmt":"2024-04-30T09:21:39","slug":"gilet-ecobimbo","status":"publish","type":"product","link":"https:\/\/minacore.ch\/fr\/prodotto\/gilet-ecobimbo\/","title":{"rendered":"Gilet EcoBimbo"},"content":{"rendered":"","protected":false},"excerpt":{"rendered":"<p>\u00c9l\u00e9gant et d\u00e9licat, notre gilet crochet\u00e9 est un chef-d&rsquo;\u0153uvre fait \u00e0 la main, agr\u00e9ment\u00e9 de jolies fleurs appliqu\u00e9es pour une touche de romantisme et de f\u00e9minit\u00e9. Fabriqu\u00e9 en coton de haute qualit\u00e9, ce gilet offre confort et style pour toutes les occasions. Parfait pour compl\u00e9ter une tenue jolie et raffin\u00e9e, ce v\u00eatement unique est un ajout pr\u00e9cieux \u00e0 la garde-robe de toute petite fashionista.<\/p>\n","protected":false},"featured_media":2298,"template":"","meta":{"_seopress_robots_primary_cat":"none","_seopress_titles_title":"","_seopress_titles_desc":"","_seopress_robots_index":""},"product_brand":[],"product_cat":[268],"product_tag":[],"class_list":{"0":"post-2352","1":"product","2":"type-product","3":"status-publish","4":"has-post-thumbnail","6":"product_cat-enfant","8":"first","9":"outofstock","10":"shipping-taxable","11":"purchasable","12":"product-type-simple"},"jetpack_sharing_enabled":true,"_links":{"self":[{"href":"https:\/\/minacore.ch\/fr\/wp-json\/wp\/v2\/product\/2352","targetHints":{"allow":["GET"]}}],"collection":[{"href":"https:\/\/minacore.ch\/fr\/wp-json\/wp\/v2\/product"}],"about":[{"href":"https:\/\/minacore.ch\/fr\/wp-json\/wp\/v2\/types\/product"}],"wp:featuredmedia":[{"embeddable":true,"href":"https:\/\/minacore.ch\/fr\/wp-json\/wp\/v2\/media\/2298"}],"wp:attachment":[{"href":"https:\/\/minacore.ch\/fr\/wp-json\/wp\/v2\/media?parent=2352"}],"wp:term":[{"taxonomy":"product_brand","embeddable":true,"href":"https:\/\/minacore.ch\/fr\/wp-json\/wp\/v2\/product_brand?post=2352"},{"taxonomy":"product_cat","embeddable":true,"href":"https:\/\/minacore.ch\/fr\/wp-json\/wp\/v2\/product_cat?post=2352"},{"taxonomy":"product_tag","embeddable":true,"href":"https:\/\/minacore.ch\/fr\/wp-json\/wp\/v2\/product_tag?post=2352"}],"curies":[{"name":"wp","href":"https:\/\/api.w.org\/{rel}","templated":true}]}}