{"id":2348,"date":"2024-04-25T14:01:31","date_gmt":"2024-04-25T12:01:31","guid":{"rendered":"https:\/\/minacore.ch\/prodotto\/robe-ecobimbo\/"},"modified":"2024-04-25T14:01:31","modified_gmt":"2024-04-25T12:01:31","slug":"robe-ecobimbo","status":"publish","type":"product","link":"https:\/\/minacore.ch\/fr\/prodotto\/robe-ecobimbo\/","title":{"rendered":"Robe EcoBimbo"},"content":{"rendered":"","protected":false},"excerpt":{"rendered":"<p>\u00c9l\u00e9gamment confectionn\u00e9e \u00e0 la main, notre robe en coton tricot\u00e9 \u00e0 la main est une \u0153uvre d&rsquo;art d&rsquo;une gr\u00e2ce et d&rsquo;un style intemporels, con\u00e7ue sp\u00e9cialement pour les petites princesses. Confectionn\u00e9e dans les r\u00e8gles de l&rsquo;art \u00e0 partir d&rsquo;un fil doux et de haute qualit\u00e9, cette robe offre confort et sophistication \u00e0 votre petite fille. Avec ses d\u00e9tails complexes et son design unique, cette robe est parfaite pour toute occasion sp\u00e9ciale, garantissant un look enchanteur et inoubliable qui attirera tous les regards.<\/p>\n","protected":false},"featured_media":2325,"template":"","meta":{"_seopress_robots_primary_cat":"","_seopress_titles_title":"","_seopress_titles_desc":"","_seopress_robots_index":""},"product_brand":[],"product_cat":[268],"product_tag":[],"class_list":{"0":"post-2348","1":"product","2":"type-product","3":"status-publish","4":"has-post-thumbnail","6":"product_cat-enfant","8":"first","9":"outofstock","10":"shipping-taxable","11":"purchasable","12":"product-type-simple"},"jetpack_sharing_enabled":true,"_links":{"self":[{"href":"https:\/\/minacore.ch\/fr\/wp-json\/wp\/v2\/product\/2348","targetHints":{"allow":["GET"]}}],"collection":[{"href":"https:\/\/minacore.ch\/fr\/wp-json\/wp\/v2\/product"}],"about":[{"href":"https:\/\/minacore.ch\/fr\/wp-json\/wp\/v2\/types\/product"}],"wp:featuredmedia":[{"embeddable":true,"href":"https:\/\/minacore.ch\/fr\/wp-json\/wp\/v2\/media\/2325"}],"wp:attachment":[{"href":"https:\/\/minacore.ch\/fr\/wp-json\/wp\/v2\/media?parent=2348"}],"wp:term":[{"taxonomy":"product_brand","embeddable":true,"href":"https:\/\/minacore.ch\/fr\/wp-json\/wp\/v2\/product_brand?post=2348"},{"taxonomy":"product_cat","embeddable":true,"href":"https:\/\/minacore.ch\/fr\/wp-json\/wp\/v2\/product_cat?post=2348"},{"taxonomy":"product_tag","embeddable":true,"href":"https:\/\/minacore.ch\/fr\/wp-json\/wp\/v2\/product_tag?post=2348"}],"curies":[{"name":"wp","href":"https:\/\/api.w.org\/{rel}","templated":true}]}}