{"id":2342,"date":"2024-04-25T13:42:03","date_gmt":"2024-04-25T11:42:03","guid":{"rendered":"https:\/\/minacore.ch\/prodotto\/pull-ecococcola\/"},"modified":"2024-04-30T11:23:39","modified_gmt":"2024-04-30T09:23:39","slug":"pull-ecococcola","status":"publish","type":"product","link":"https:\/\/minacore.ch\/fr\/prodotto\/pull-ecococcola\/","title":{"rendered":"Pull EcoCoccola"},"content":{"rendered":"","protected":false},"excerpt":{"rendered":"<p style=\"text-align: left\">Chaud et confortable, notre pull pour enfants est fabriqu\u00e9 avec soin et de mani\u00e8re artisanale \u00e0 partir de laine tricot\u00e9e douce, garantissant chaleur et douceur \u00e0 votre enfant. Avec son design classique et son tricot d\u00e9taill\u00e9, ce pull ajoute une touche d&rsquo;\u00e9l\u00e9gance et de confort \u00e0 la garde-robe de votre enfant. Parfait pour les journ\u00e9es fra\u00eeches et les aventures en plein air, ce v\u00eatement polyvalent est indispensable en toute saison.<\/p>\n","protected":false},"featured_media":2311,"template":"","meta":{"_seopress_robots_primary_cat":"none","_seopress_titles_title":"","_seopress_titles_desc":"","_seopress_robots_index":""},"product_brand":[],"product_cat":[268],"product_tag":[],"class_list":{"0":"post-2342","1":"product","2":"type-product","3":"status-publish","4":"has-post-thumbnail","6":"product_cat-enfant","8":"first","9":"instock","10":"shipping-taxable","11":"purchasable","12":"product-type-simple"},"jetpack_sharing_enabled":true,"_links":{"self":[{"href":"https:\/\/minacore.ch\/fr\/wp-json\/wp\/v2\/product\/2342","targetHints":{"allow":["GET"]}}],"collection":[{"href":"https:\/\/minacore.ch\/fr\/wp-json\/wp\/v2\/product"}],"about":[{"href":"https:\/\/minacore.ch\/fr\/wp-json\/wp\/v2\/types\/product"}],"wp:featuredmedia":[{"embeddable":true,"href":"https:\/\/minacore.ch\/fr\/wp-json\/wp\/v2\/media\/2311"}],"wp:attachment":[{"href":"https:\/\/minacore.ch\/fr\/wp-json\/wp\/v2\/media?parent=2342"}],"wp:term":[{"taxonomy":"product_brand","embeddable":true,"href":"https:\/\/minacore.ch\/fr\/wp-json\/wp\/v2\/product_brand?post=2342"},{"taxonomy":"product_cat","embeddable":true,"href":"https:\/\/minacore.ch\/fr\/wp-json\/wp\/v2\/product_cat?post=2342"},{"taxonomy":"product_tag","embeddable":true,"href":"https:\/\/minacore.ch\/fr\/wp-json\/wp\/v2\/product_tag?post=2342"}],"curies":[{"name":"wp","href":"https:\/\/api.w.org\/{rel}","templated":true}]}}