{"id":2267,"date":"2024-04-25T13:07:44","date_gmt":"2024-04-25T11:07:44","guid":{"rendered":"https:\/\/minacore.ch\/prodotto\/larana\/"},"modified":"2024-04-30T11:12:32","modified_gmt":"2024-04-30T09:12:32","slug":"larana","status":"publish","type":"product","link":"https:\/\/minacore.ch\/fr\/prodotto\/larana\/","title":{"rendered":"LaraNa"},"content":{"rendered":"","protected":false},"excerpt":{"rendered":"<p>Amusante et \u00e9cologique, notre grenouille en peluche est fabriqu\u00e9e \u00e0 la main \u00e0 partir de coton recycl\u00e9, ce qui en fait un compagnon de jeu doux et s\u00fbr pour votre enfant. Avec son design vif et color\u00e9 et son rembourrage durable, cette grenouille est pr\u00eate pour des aventures amusantes et des c\u00e2lins affectueux. Un compl\u00e9ment irr\u00e9sistible \u00e0 la collection de jouets de votre enfant, tout en promouvant la durabilit\u00e9 environnementale.<\/p>\n","protected":false},"featured_media":2228,"template":"","meta":{"_seopress_robots_primary_cat":"none","_seopress_titles_title":"","_seopress_titles_desc":"","_seopress_robots_index":"","_seopress_analysis_target_kw":""},"product_brand":[],"product_cat":[268],"product_tag":[],"class_list":{"0":"post-2267","1":"product","2":"type-product","3":"status-publish","4":"has-post-thumbnail","6":"product_cat-enfant","8":"first","9":"outofstock","10":"shipping-taxable","11":"purchasable","12":"product-type-simple"},"jetpack_sharing_enabled":true,"_links":{"self":[{"href":"https:\/\/minacore.ch\/fr\/wp-json\/wp\/v2\/product\/2267","targetHints":{"allow":["GET"]}}],"collection":[{"href":"https:\/\/minacore.ch\/fr\/wp-json\/wp\/v2\/product"}],"about":[{"href":"https:\/\/minacore.ch\/fr\/wp-json\/wp\/v2\/types\/product"}],"wp:featuredmedia":[{"embeddable":true,"href":"https:\/\/minacore.ch\/fr\/wp-json\/wp\/v2\/media\/2228"}],"wp:attachment":[{"href":"https:\/\/minacore.ch\/fr\/wp-json\/wp\/v2\/media?parent=2267"}],"wp:term":[{"taxonomy":"product_brand","embeddable":true,"href":"https:\/\/minacore.ch\/fr\/wp-json\/wp\/v2\/product_brand?post=2267"},{"taxonomy":"product_cat","embeddable":true,"href":"https:\/\/minacore.ch\/fr\/wp-json\/wp\/v2\/product_cat?post=2267"},{"taxonomy":"product_tag","embeddable":true,"href":"https:\/\/minacore.ch\/fr\/wp-json\/wp\/v2\/product_tag?post=2267"}],"curies":[{"name":"wp","href":"https:\/\/api.w.org\/{rel}","templated":true}]}}