{"id":2264,"date":"2024-04-25T13:09:19","date_gmt":"2024-04-25T11:09:19","guid":{"rendered":"https:\/\/minacore.ch\/prodotto\/bianconiglietto\/"},"modified":"2024-04-30T11:15:52","modified_gmt":"2024-04-30T09:15:52","slug":"bianconiglietto","status":"publish","type":"product","link":"https:\/\/minacore.ch\/fr\/prodotto\/bianconiglietto\/","title":{"rendered":"BianConiglietto"},"content":{"rendered":"","protected":false},"excerpt":{"rendered":"<p>Doux et confortable, notre lapin en peluche est fabriqu\u00e9 \u00e0 la main \u00e0 partir de coton de haute qualit\u00e9 et rempli de molleton doux, garantissant confort et douceur pour des c\u00e2lins \u00e0 n&rsquo;en plus finir. Avec son design adorable et ses d\u00e9tails raffin\u00e9s, ce lapin deviendra rapidement le meilleur ami de votre b\u00e9b\u00e9, lui procurant des heures d&rsquo;amusement et de confort pendant ses jeux et son sommeil. Un cadeau charmant et intemporel pour les petits, parfait pour cr\u00e9er de doux souvenirs.<\/p>\n","protected":false},"featured_media":2241,"template":"","meta":{"_seopress_robots_primary_cat":"none","_seopress_titles_title":"","_seopress_titles_desc":"","_seopress_robots_index":""},"product_brand":[],"product_cat":[268],"product_tag":[],"class_list":{"0":"post-2264","1":"product","2":"type-product","3":"status-publish","4":"has-post-thumbnail","6":"product_cat-enfant","8":"first","9":"outofstock","10":"shipping-taxable","11":"purchasable","12":"product-type-simple"},"jetpack_sharing_enabled":true,"_links":{"self":[{"href":"https:\/\/minacore.ch\/fr\/wp-json\/wp\/v2\/product\/2264","targetHints":{"allow":["GET"]}}],"collection":[{"href":"https:\/\/minacore.ch\/fr\/wp-json\/wp\/v2\/product"}],"about":[{"href":"https:\/\/minacore.ch\/fr\/wp-json\/wp\/v2\/types\/product"}],"wp:featuredmedia":[{"embeddable":true,"href":"https:\/\/minacore.ch\/fr\/wp-json\/wp\/v2\/media\/2241"}],"wp:attachment":[{"href":"https:\/\/minacore.ch\/fr\/wp-json\/wp\/v2\/media?parent=2264"}],"wp:term":[{"taxonomy":"product_brand","embeddable":true,"href":"https:\/\/minacore.ch\/fr\/wp-json\/wp\/v2\/product_brand?post=2264"},{"taxonomy":"product_cat","embeddable":true,"href":"https:\/\/minacore.ch\/fr\/wp-json\/wp\/v2\/product_cat?post=2264"},{"taxonomy":"product_tag","embeddable":true,"href":"https:\/\/minacore.ch\/fr\/wp-json\/wp\/v2\/product_tag?post=2264"}],"curies":[{"name":"wp","href":"https:\/\/api.w.org\/{rel}","templated":true}]}}