{"id":2262,"date":"2024-04-25T13:02:08","date_gmt":"2024-04-25T11:02:08","guid":{"rendered":"https:\/\/minacore.ch\/prodotto\/purscelin\/"},"modified":"2024-04-30T11:13:53","modified_gmt":"2024-04-30T09:13:53","slug":"purscelin","status":"publish","type":"product","link":"https:\/\/minacore.ch\/fr\/prodotto\/purscelin\/","title":{"rendered":"Purscel\u00ecn"},"content":{"rendered":"","protected":false},"excerpt":{"rendered":"<p>Adorable et durable, notre cochon en peluche est fait \u00e0 la main avec amour en utilisant du coton recycl\u00e9 pour son rembourrage, ce qui le rend non seulement doux et douillet, mais aussi respectueux de l&rsquo;environnement. Avec ses d\u00e9tails complexes et son design unique, ce gentil petit cochon est le compagnon id\u00e9al pour jouer et faire des c\u00e2lins, offrant confort et joie aux petits comme aux grands.<\/p>\n","protected":false},"featured_media":2223,"template":"","meta":{"_seopress_robots_primary_cat":"none","_seopress_titles_title":"","_seopress_titles_desc":"","_seopress_robots_index":""},"product_brand":[],"product_cat":[268],"product_tag":[],"class_list":{"0":"post-2262","1":"product","2":"type-product","3":"status-publish","4":"has-post-thumbnail","6":"product_cat-enfant","8":"first","9":"instock","10":"shipping-taxable","11":"purchasable","12":"product-type-simple"},"jetpack_sharing_enabled":true,"_links":{"self":[{"href":"https:\/\/minacore.ch\/fr\/wp-json\/wp\/v2\/product\/2262","targetHints":{"allow":["GET"]}}],"collection":[{"href":"https:\/\/minacore.ch\/fr\/wp-json\/wp\/v2\/product"}],"about":[{"href":"https:\/\/minacore.ch\/fr\/wp-json\/wp\/v2\/types\/product"}],"wp:featuredmedia":[{"embeddable":true,"href":"https:\/\/minacore.ch\/fr\/wp-json\/wp\/v2\/media\/2223"}],"wp:attachment":[{"href":"https:\/\/minacore.ch\/fr\/wp-json\/wp\/v2\/media?parent=2262"}],"wp:term":[{"taxonomy":"product_brand","embeddable":true,"href":"https:\/\/minacore.ch\/fr\/wp-json\/wp\/v2\/product_brand?post=2262"},{"taxonomy":"product_cat","embeddable":true,"href":"https:\/\/minacore.ch\/fr\/wp-json\/wp\/v2\/product_cat?post=2262"},{"taxonomy":"product_tag","embeddable":true,"href":"https:\/\/minacore.ch\/fr\/wp-json\/wp\/v2\/product_tag?post=2262"}],"curies":[{"name":"wp","href":"https:\/\/api.w.org\/{rel}","templated":true}]}}