{"id":2257,"date":"2024-04-25T13:11:02","date_gmt":"2024-04-25T11:11:02","guid":{"rendered":"https:\/\/minacore.ch\/prodotto\/pandino\/"},"modified":"2024-04-30T11:17:52","modified_gmt":"2024-04-30T09:17:52","slug":"pandino","status":"publish","type":"product","link":"https:\/\/minacore.ch\/fr\/prodotto\/pandino\/","title":{"rendered":"PanDino"},"content":{"rendered":"","protected":false},"excerpt":{"rendered":"<p>Mignon et irr\u00e9sistible, notre panda en peluche est fait \u00e0 la main avec amour en utilisant du coton de haute qualit\u00e9 et rempli de molleton doux, offrant un compagnon de jeu s\u00fbr et doux \u00e0 votre petit. Avec son design charmant et ses d\u00e9tails raffin\u00e9s, ce panda est pr\u00eat \u00e0 vivre des aventures passionnantes et \u00e0 recevoir des c\u00e2lins. Un cadeau unique et inoubliable qui apportera joie et bonheur \u00e0 chaque s\u00e9ance de jeu.<\/p>\n","protected":false},"featured_media":2254,"template":"","meta":{"_seopress_robots_primary_cat":"none","_seopress_titles_title":"","_seopress_titles_desc":"","_seopress_robots_index":""},"product_brand":[],"product_cat":[268],"product_tag":[],"class_list":{"0":"post-2257","1":"product","2":"type-product","3":"status-publish","4":"has-post-thumbnail","6":"product_cat-enfant","8":"first","9":"outofstock","10":"shipping-taxable","11":"purchasable","12":"product-type-simple"},"jetpack_sharing_enabled":true,"_links":{"self":[{"href":"https:\/\/minacore.ch\/fr\/wp-json\/wp\/v2\/product\/2257","targetHints":{"allow":["GET"]}}],"collection":[{"href":"https:\/\/minacore.ch\/fr\/wp-json\/wp\/v2\/product"}],"about":[{"href":"https:\/\/minacore.ch\/fr\/wp-json\/wp\/v2\/types\/product"}],"wp:featuredmedia":[{"embeddable":true,"href":"https:\/\/minacore.ch\/fr\/wp-json\/wp\/v2\/media\/2254"}],"wp:attachment":[{"href":"https:\/\/minacore.ch\/fr\/wp-json\/wp\/v2\/media?parent=2257"}],"wp:term":[{"taxonomy":"product_brand","embeddable":true,"href":"https:\/\/minacore.ch\/fr\/wp-json\/wp\/v2\/product_brand?post=2257"},{"taxonomy":"product_cat","embeddable":true,"href":"https:\/\/minacore.ch\/fr\/wp-json\/wp\/v2\/product_cat?post=2257"},{"taxonomy":"product_tag","embeddable":true,"href":"https:\/\/minacore.ch\/fr\/wp-json\/wp\/v2\/product_tag?post=2257"}],"curies":[{"name":"wp","href":"https:\/\/api.w.org\/{rel}","templated":true}]}}