{"id":2206,"date":"2024-04-25T12:36:48","date_gmt":"2024-04-25T10:36:48","guid":{"rendered":"https:\/\/minacore.ch\/prodotto\/eco-baby-combinaison\/"},"modified":"2024-04-25T14:42:04","modified_gmt":"2024-04-25T12:42:04","slug":"eco-baby-combinaison","status":"publish","type":"product","link":"https:\/\/minacore.ch\/fr\/prodotto\/eco-baby-combinaison\/","title":{"rendered":"Combinaison b\u00e9b\u00e9 \u00e9cologique"},"content":{"rendered":"","protected":false},"excerpt":{"rendered":"<p>D\u00e9licate et adorable, notre tenue de b\u00e9b\u00e9 au crochet est fabriqu\u00e9e \u00e0 la main en coton biologique, ce qui garantit douceur et s\u00e9curit\u00e9 pour la peau sensible de votre b\u00e9b\u00e9. Avec un gilet blanc orn\u00e9 de d\u00e9tails roses et un prot\u00e8ge-couche assorti, cet ensemble est parfait pour toutes les occasions et constitue un cadeau sp\u00e9cial pour les b\u00e9b\u00e9s.<\/p>\n","protected":false},"featured_media":2219,"template":"","meta":{"_seopress_robots_primary_cat":"none","_seopress_titles_title":"","_seopress_titles_desc":"","_seopress_robots_index":""},"product_brand":[],"product_cat":[268],"product_tag":[],"class_list":{"0":"post-2206","1":"product","2":"type-product","3":"status-publish","4":"has-post-thumbnail","6":"product_cat-enfant","8":"first","9":"outofstock","10":"shipping-taxable","11":"purchasable","12":"product-type-simple"},"jetpack_sharing_enabled":true,"_links":{"self":[{"href":"https:\/\/minacore.ch\/fr\/wp-json\/wp\/v2\/product\/2206","targetHints":{"allow":["GET"]}}],"collection":[{"href":"https:\/\/minacore.ch\/fr\/wp-json\/wp\/v2\/product"}],"about":[{"href":"https:\/\/minacore.ch\/fr\/wp-json\/wp\/v2\/types\/product"}],"wp:featuredmedia":[{"embeddable":true,"href":"https:\/\/minacore.ch\/fr\/wp-json\/wp\/v2\/media\/2219"}],"wp:attachment":[{"href":"https:\/\/minacore.ch\/fr\/wp-json\/wp\/v2\/media?parent=2206"}],"wp:term":[{"taxonomy":"product_brand","embeddable":true,"href":"https:\/\/minacore.ch\/fr\/wp-json\/wp\/v2\/product_brand?post=2206"},{"taxonomy":"product_cat","embeddable":true,"href":"https:\/\/minacore.ch\/fr\/wp-json\/wp\/v2\/product_cat?post=2206"},{"taxonomy":"product_tag","embeddable":true,"href":"https:\/\/minacore.ch\/fr\/wp-json\/wp\/v2\/product_tag?post=2206"}],"curies":[{"name":"wp","href":"https:\/\/api.w.org\/{rel}","templated":true}]}}