{"id":2200,"date":"2024-04-23T12:01:51","date_gmt":"2024-04-23T10:01:51","guid":{"rendered":"https:\/\/minacore.ch\/prodotto\/green-garden-chemise\/"},"modified":"2024-04-23T12:01:51","modified_gmt":"2024-04-23T10:01:51","slug":"green-garden-chemise","status":"publish","type":"product","link":"https:\/\/minacore.ch\/fr\/prodotto\/green-garden-chemise\/","title":{"rendered":"Green Garden &#8211; Chemise"},"content":{"rendered":"","protected":false},"excerpt":{"rendered":"<p>Ajoutez une touche d&rsquo;\u00e9l\u00e9gance artisanale \u00e0 votre garde-robe avec notre chemise exclusive en coton fabriqu\u00e9e \u00e0 la main. Dot\u00e9e d&rsquo;un motif floral violet et vert vibrant, cette chemise poss\u00e8de une patte de boutonnage sup\u00e9rieure qui lui conf\u00e8re une aura de sophistication minimaliste. Les manches courtes ballon ajoutent une touche de f\u00e9minit\u00e9 et de style ludique. Avec deux fentes sur les hanches pour un confort optimal et une coupe fluide, cette chemise est parfaite pour compl\u00e9ter votre look printanier avec une touche de fra\u00eecheur et d&rsquo;originalit\u00e9.<\/p>\n","protected":false},"featured_media":2196,"template":"","meta":{"_seopress_robots_primary_cat":"","_seopress_titles_title":"","_seopress_titles_desc":"","_seopress_robots_index":""},"product_brand":[],"product_cat":[122,302],"product_tag":[],"class_list":{"0":"post-2200","1":"product","2":"type-product","3":"status-publish","4":"has-post-thumbnail","6":"product_cat-femme","7":"product_cat-haut-de-page","9":"first","10":"instock","11":"shipping-taxable","12":"purchasable","13":"product-type-simple"},"jetpack_sharing_enabled":true,"_links":{"self":[{"href":"https:\/\/minacore.ch\/fr\/wp-json\/wp\/v2\/product\/2200","targetHints":{"allow":["GET"]}}],"collection":[{"href":"https:\/\/minacore.ch\/fr\/wp-json\/wp\/v2\/product"}],"about":[{"href":"https:\/\/minacore.ch\/fr\/wp-json\/wp\/v2\/types\/product"}],"wp:featuredmedia":[{"embeddable":true,"href":"https:\/\/minacore.ch\/fr\/wp-json\/wp\/v2\/media\/2196"}],"wp:attachment":[{"href":"https:\/\/minacore.ch\/fr\/wp-json\/wp\/v2\/media?parent=2200"}],"wp:term":[{"taxonomy":"product_brand","embeddable":true,"href":"https:\/\/minacore.ch\/fr\/wp-json\/wp\/v2\/product_brand?post=2200"},{"taxonomy":"product_cat","embeddable":true,"href":"https:\/\/minacore.ch\/fr\/wp-json\/wp\/v2\/product_cat?post=2200"},{"taxonomy":"product_tag","embeddable":true,"href":"https:\/\/minacore.ch\/fr\/wp-json\/wp\/v2\/product_tag?post=2200"}],"curies":[{"name":"wp","href":"https:\/\/api.w.org\/{rel}","templated":true}]}}