{"id":2044,"date":"2024-04-16T16:14:04","date_gmt":"2024-04-16T14:14:04","guid":{"rendered":"https:\/\/minacore.ch\/prodotto\/collier-floral\/"},"modified":"2024-04-26T16:16:45","modified_gmt":"2024-04-26T14:16:45","slug":"collier-floral","status":"publish","type":"product","link":"https:\/\/minacore.ch\/fr\/prodotto\/collier-floral\/","title":{"rendered":"Collier floral"},"content":{"rendered":"","protected":false},"excerpt":{"rendered":"<p>Ajoutez une touche de nature et d&rsquo;\u00e9l\u00e9gance \u00e0 votre look avec ce magnifique collier artisanal.<br \/>\nFabriqu\u00e9 avec amour et soin, il pr\u00e9sente de d\u00e9licates fleurs r\u00e9elles serties dans une r\u00e9sine transparente, cr\u00e9ant un effet unique et naturel.<br \/>\nLes paillettes d&rsquo;or ajoutent une touche de luxe et de luminosit\u00e9, tandis que le travail artisanal garantit que chaque pi\u00e8ce est unique.<br \/>\nPortez ce collier pour ajouter une touche de beaut\u00e9 florale \u00e0 votre journ\u00e9e.   <\/p>\n","protected":false},"featured_media":2063,"template":"","meta":{"_seopress_robots_primary_cat":"none","_seopress_titles_title":"Collier fait \u00e0 la main avec de vraies fleurs et des \u00e9cailles d'or","_seopress_titles_desc":"Ajoutez une touche de nature et d'\u00e9l\u00e9gance \u00e0 votre look avec ce magnifique collier artisanal. De vraies fleurs serties dans une r\u00e9sine transparente cr\u00e9ent un effet unique et naturel, tandis que des paillettes d'or ajoutent luxe et luminosit\u00e9. Chaque pi\u00e8ce est fabriqu\u00e9e avec amour et soin, ce qui garantit son caract\u00e8re unique. Portez ce collier pour une beaut\u00e9 florale intemporelle.","_seopress_robots_index":""},"product_brand":[],"product_cat":[265,348],"product_tag":[],"class_list":{"0":"post-2044","1":"product","2":"type-product","3":"status-publish","4":"has-post-thumbnail","6":"product_cat-bijoux","7":"product_cat-colliers","9":"first","10":"instock","11":"shipping-taxable","12":"purchasable","13":"product-type-variable"},"jetpack_sharing_enabled":true,"_links":{"self":[{"href":"https:\/\/minacore.ch\/fr\/wp-json\/wp\/v2\/product\/2044","targetHints":{"allow":["GET"]}}],"collection":[{"href":"https:\/\/minacore.ch\/fr\/wp-json\/wp\/v2\/product"}],"about":[{"href":"https:\/\/minacore.ch\/fr\/wp-json\/wp\/v2\/types\/product"}],"wp:featuredmedia":[{"embeddable":true,"href":"https:\/\/minacore.ch\/fr\/wp-json\/wp\/v2\/media\/2063"}],"wp:attachment":[{"href":"https:\/\/minacore.ch\/fr\/wp-json\/wp\/v2\/media?parent=2044"}],"wp:term":[{"taxonomy":"product_brand","embeddable":true,"href":"https:\/\/minacore.ch\/fr\/wp-json\/wp\/v2\/product_brand?post=2044"},{"taxonomy":"product_cat","embeddable":true,"href":"https:\/\/minacore.ch\/fr\/wp-json\/wp\/v2\/product_cat?post=2044"},{"taxonomy":"product_tag","embeddable":true,"href":"https:\/\/minacore.ch\/fr\/wp-json\/wp\/v2\/product_tag?post=2044"}],"curies":[{"name":"wp","href":"https:\/\/api.w.org\/{rel}","templated":true}]}}