{"id":2008,"date":"2024-04-12T18:47:51","date_gmt":"2024-04-12T16:47:51","guid":{"rendered":"https:\/\/minacore.ch\/prodotto\/fleurs-suspendues\/"},"modified":"2024-04-23T11:06:50","modified_gmt":"2024-04-23T09:06:50","slug":"fleurs-suspendues","status":"publish","type":"product","link":"https:\/\/minacore.ch\/fr\/prodotto\/fleurs-suspendues\/","title":{"rendered":"Fleurs suspendues"},"content":{"rendered":"","protected":false},"excerpt":{"rendered":"<p>Nos boucles d&rsquo;oreilles en p\u00e2te polym\u00e8re sont une fusion enchanteresse de couleurs et de formes, soigneusement fabriqu\u00e9es pour une touche d&rsquo;originalit\u00e9 et d&rsquo;authenticit\u00e9. Chaque boucle d&rsquo;oreille comporte un pendentif artisanal vert vif, orn\u00e9 d&rsquo;une jolie fleur rose en son centre. La fleur est d\u00e9licatement laqu\u00e9e de r\u00e9sine, ce qui lui donne un aspect brillant et protecteur. La combinaison de teintes vibrantes cr\u00e9e un contraste qui attire l&rsquo;attention, tandis que le motif floral ajoute une touche de d\u00e9licatesse et de romantisme. Portez-les pour ajouter une touche de joie et de vivacit\u00e9 \u00e0 votre tenue de tous les jours, ou pour compl\u00e9ter un look plus \u00e9l\u00e9gant avec une touche de f\u00e9minit\u00e9 printani\u00e8re. Ces boucles d&rsquo;oreilles sont l&rsquo;accessoire parfait pour celles qui recherchent une \u00e9l\u00e9gance naturelle avec une touche de romantisme floral. Elles sont garanties uniques, car elles sont fabriqu\u00e9es \u00e0 la main avec passion et savoir-faire.<\/p>\n","protected":false},"featured_media":2025,"template":"","meta":{"_seopress_robots_primary_cat":"none","_seopress_titles_title":"Boucles d'oreilles en argile polym\u00e8re : \u00e9l\u00e9gance florale artisanale","_seopress_titles_desc":"Mettez en valeur votre f\u00e9minit\u00e9 printani\u00e8re avec nos boucles d'oreilles en p\u00e2te polym\u00e8re. Fabriqu\u00e9 \u00e0 la main, chaque pendentif est d'un vert \u00e9clatant et comporte une fleur en r\u00e9sine rose d\u00e9licatement laqu\u00e9e. Une combinaison de couleurs vibrantes et de formes d\u00e9licates pour une touche d'originalit\u00e9 et de romantisme. Parfaites pour \u00e9gayer votre tenue de tous les jours ou pour compl\u00e9ter un look \u00e9l\u00e9gant, ces boucles d'oreilles sont une ode \u00e0 l'\u00e9l\u00e9gance naturelle et \u00e0 l'artisanat.","_seopress_robots_index":""},"product_brand":[],"product_cat":[265,343],"product_tag":[],"class_list":{"0":"post-2008","1":"product","2":"type-product","3":"status-publish","4":"has-post-thumbnail","6":"product_cat-bijoux","7":"product_cat-boucles-doreilles","9":"first","10":"instock","11":"shipping-taxable","12":"purchasable","13":"product-type-simple"},"jetpack_sharing_enabled":true,"_links":{"self":[{"href":"https:\/\/minacore.ch\/fr\/wp-json\/wp\/v2\/product\/2008","targetHints":{"allow":["GET"]}}],"collection":[{"href":"https:\/\/minacore.ch\/fr\/wp-json\/wp\/v2\/product"}],"about":[{"href":"https:\/\/minacore.ch\/fr\/wp-json\/wp\/v2\/types\/product"}],"wp:featuredmedia":[{"embeddable":true,"href":"https:\/\/minacore.ch\/fr\/wp-json\/wp\/v2\/media\/2025"}],"wp:attachment":[{"href":"https:\/\/minacore.ch\/fr\/wp-json\/wp\/v2\/media?parent=2008"}],"wp:term":[{"taxonomy":"product_brand","embeddable":true,"href":"https:\/\/minacore.ch\/fr\/wp-json\/wp\/v2\/product_brand?post=2008"},{"taxonomy":"product_cat","embeddable":true,"href":"https:\/\/minacore.ch\/fr\/wp-json\/wp\/v2\/product_cat?post=2008"},{"taxonomy":"product_tag","embeddable":true,"href":"https:\/\/minacore.ch\/fr\/wp-json\/wp\/v2\/product_tag?post=2008"}],"curies":[{"name":"wp","href":"https:\/\/api.w.org\/{rel}","templated":true}]}}