{"id":1994,"date":"2024-04-12T18:29:55","date_gmt":"2024-04-12T16:29:55","guid":{"rendered":"https:\/\/minacore.ch\/prodotto\/marbre-vert-lune\/"},"modified":"2024-04-23T13:56:17","modified_gmt":"2024-04-23T11:56:17","slug":"marbre-vert-lune","status":"publish","type":"product","link":"https:\/\/minacore.ch\/fr\/prodotto\/marbre-vert-lune\/","title":{"rendered":"Marbre vert &#8211; Lune"},"content":{"rendered":"","protected":false},"excerpt":{"rendered":"<p>Nos boucles d&rsquo;oreilles \u00e0 double pendentif sont une interpr\u00e9tation enchanteresse de la beaut\u00e9 c\u00e9leste. Elles sont fabriqu\u00e9es en p\u00e2te polym\u00e8re et en r\u00e9sine pour une touche d&rsquo;\u00e9l\u00e9gance et d&rsquo;originalit\u00e9. Le pendentif sup\u00e9rieur, de forme circulaire, et le pendentif inf\u00e9rieur, en forme de croissant de lune, sont une combinaison de simplicit\u00e9 et de myst\u00e8re. Les tons de gris, de vert fonc\u00e9 et d&rsquo;or se m\u00e9langent harmonieusement, cr\u00e9ant un effet visuel frappant et accrocheur. La forme sinueuse du croissant de lune \u00e9voque un sentiment de fascination et de magie, tandis que le cercle repr\u00e9sente l&rsquo;\u00e9ternit\u00e9 et l&rsquo;infinit\u00e9 du ciel nocturne. Portez-les pour ajouter une touche de myst\u00e8re et de sophistication \u00e0 votre look, de jour comme de nuit. Ces boucles d&rsquo;oreilles sont une ode \u00e0 la beaut\u00e9 du ciel \u00e9toil\u00e9, parfaites pour celles qui aiment exprimer leur individualit\u00e9 avec style.<\/p>\n","protected":false},"featured_media":2013,"template":"","meta":{"_seopress_robots_primary_cat":"none","_seopress_titles_title":"Boucles d'oreilles \u00e0 double pendentif : \u00c9l\u00e9gance c\u00e9leste en argile polym\u00e8re et r\u00e9sine","_seopress_titles_desc":"Explorez l'\u00e9l\u00e9gance du ciel nocturne avec nos boucles d'oreilles \u00e0 double pendentif. R\u00e9alis\u00e9es en p\u00e2te polym\u00e8re et en r\u00e9sine, elles allient le myst\u00e8re du croissant de lune \u00e0 l'infini du cercle, dans des tons gris, vert fonc\u00e9 et or. Ajoutez une touche de magie \u00e0 votre look, de jour comme de nuit, avec cette \u00e9tonnante interpr\u00e9tation de la beaut\u00e9 c\u00e9leste.","_seopress_robots_index":""},"product_brand":[],"product_cat":[265,343],"product_tag":[],"class_list":{"0":"post-1994","1":"product","2":"type-product","3":"status-publish","4":"has-post-thumbnail","6":"product_cat-bijoux","7":"product_cat-boucles-doreilles","9":"first","10":"instock","11":"shipping-taxable","12":"purchasable","13":"product-type-simple"},"jetpack_sharing_enabled":true,"_links":{"self":[{"href":"https:\/\/minacore.ch\/fr\/wp-json\/wp\/v2\/product\/1994","targetHints":{"allow":["GET"]}}],"collection":[{"href":"https:\/\/minacore.ch\/fr\/wp-json\/wp\/v2\/product"}],"about":[{"href":"https:\/\/minacore.ch\/fr\/wp-json\/wp\/v2\/types\/product"}],"wp:featuredmedia":[{"embeddable":true,"href":"https:\/\/minacore.ch\/fr\/wp-json\/wp\/v2\/media\/2013"}],"wp:attachment":[{"href":"https:\/\/minacore.ch\/fr\/wp-json\/wp\/v2\/media?parent=1994"}],"wp:term":[{"taxonomy":"product_brand","embeddable":true,"href":"https:\/\/minacore.ch\/fr\/wp-json\/wp\/v2\/product_brand?post=1994"},{"taxonomy":"product_cat","embeddable":true,"href":"https:\/\/minacore.ch\/fr\/wp-json\/wp\/v2\/product_cat?post=1994"},{"taxonomy":"product_tag","embeddable":true,"href":"https:\/\/minacore.ch\/fr\/wp-json\/wp\/v2\/product_tag?post=1994"}],"curies":[{"name":"wp","href":"https:\/\/api.w.org\/{rel}","templated":true}]}}