{"id":1972,"date":"2024-04-12T18:24:23","date_gmt":"2024-04-12T16:24:23","guid":{"rendered":"https:\/\/minacore.ch\/prodotto\/geo-green\/"},"modified":"2024-04-23T11:52:53","modified_gmt":"2024-04-23T09:52:53","slug":"geo-green","status":"publish","type":"product","link":"https:\/\/minacore.ch\/fr\/prodotto\/geo-green\/","title":{"rendered":"Geo-Green"},"content":{"rendered":"","protected":false},"excerpt":{"rendered":"<p>Nos boucles d&rsquo;oreilles \u00e0 double pendentif sont une interpr\u00e9tation \u00e9l\u00e9gante de la nature, r\u00e9alis\u00e9e avec savoir-faire et amour du d\u00e9tail. Le pendentif sup\u00e9rieur, de forme ovale, et le pendentif inf\u00e9rieur, en forme de losange, pr\u00e9sentent une teinte verte avec de d\u00e9licates veines blanches, \u00e9voquant l&rsquo;essence de la fra\u00eecheur et de la vitalit\u00e9 de la nature. Ce design unique offre un \u00e9quilibre harmonieux entre \u00e9l\u00e9gance et originalit\u00e9, tandis que la combinaison des formes et des couleurs cr\u00e9e un effet visuel attrayant. Fabriqu\u00e9es \u00e0 la main \u00e0 partir de mat\u00e9riaux de haute qualit\u00e9, ces boucles d&rsquo;oreilles sont l&rsquo;accessoire parfait pour ajouter une touche de style et de sophistication \u00e0 n&rsquo;importe quelle tenue, en apportant l&rsquo;enchantement et la beaut\u00e9 de la nature avec vous o\u00f9 que vous alliez.<\/p>\n","protected":false},"featured_media":1980,"template":"","meta":{"_seopress_robots_primary_cat":"none","_seopress_titles_title":"Boucles d'oreilles \u00e0 double pendentif : \u00e9l\u00e9gance naturelle et raffinement artisanal","_seopress_titles_desc":"D\u00e9couvrez l'\u00e9l\u00e9gance de la nature avec nos boucles d'oreilles \u00e0 double pendentif. Fabriqu\u00e9e \u00e0 la main avec soin et amour du d\u00e9tail, chaque paire comprend un pendentif sup\u00e9rieur ovale et un pendentif inf\u00e9rieur en forme de diamant, tous deux d'une teinte verte avec des veines blanches qui \u00e9voquent la fra\u00eecheur et la vitalit\u00e9. Ce design unique offre un \u00e9quilibre harmonieux entre \u00e9l\u00e9gance et originalit\u00e9, tandis que les mat\u00e9riaux de haute qualit\u00e9 garantissent la durabilit\u00e9 et le style. Ajoutez une touche de nature et de sophistication \u00e0 votre tenue avec ces boucles d'oreilles, parfaites pour toutes les occasions.","_seopress_robots_index":""},"product_brand":[],"product_cat":[265,343],"product_tag":[],"class_list":{"0":"post-1972","1":"product","2":"type-product","3":"status-publish","4":"has-post-thumbnail","6":"product_cat-bijoux","7":"product_cat-boucles-doreilles","9":"first","10":"instock","11":"shipping-taxable","12":"purchasable","13":"product-type-simple"},"jetpack_sharing_enabled":true,"_links":{"self":[{"href":"https:\/\/minacore.ch\/fr\/wp-json\/wp\/v2\/product\/1972","targetHints":{"allow":["GET"]}}],"collection":[{"href":"https:\/\/minacore.ch\/fr\/wp-json\/wp\/v2\/product"}],"about":[{"href":"https:\/\/minacore.ch\/fr\/wp-json\/wp\/v2\/types\/product"}],"wp:featuredmedia":[{"embeddable":true,"href":"https:\/\/minacore.ch\/fr\/wp-json\/wp\/v2\/media\/1980"}],"wp:attachment":[{"href":"https:\/\/minacore.ch\/fr\/wp-json\/wp\/v2\/media?parent=1972"}],"wp:term":[{"taxonomy":"product_brand","embeddable":true,"href":"https:\/\/minacore.ch\/fr\/wp-json\/wp\/v2\/product_brand?post=1972"},{"taxonomy":"product_cat","embeddable":true,"href":"https:\/\/minacore.ch\/fr\/wp-json\/wp\/v2\/product_cat?post=1972"},{"taxonomy":"product_tag","embeddable":true,"href":"https:\/\/minacore.ch\/fr\/wp-json\/wp\/v2\/product_tag?post=1972"}],"curies":[{"name":"wp","href":"https:\/\/api.w.org\/{rel}","templated":true}]}}