{"id":1958,"date":"2024-04-12T18:20:51","date_gmt":"2024-04-12T16:20:51","guid":{"rendered":"https:\/\/minacore.ch\/prodotto\/roses-jaunes\/"},"modified":"2024-04-23T15:36:07","modified_gmt":"2024-04-23T13:36:07","slug":"roses-jaunes","status":"publish","type":"product","link":"https:\/\/minacore.ch\/fr\/prodotto\/roses-jaunes\/","title":{"rendered":"Roses jaunes"},"content":{"rendered":"","protected":false},"excerpt":{"rendered":"<p>Notre ensemble de boucles d&rsquo;oreilles et de colliers est une ode \u00e0 la beaut\u00e9 de la nature, r\u00e9alis\u00e9e avec amour et savoir-faire. Le fond vert offre une base fra\u00eeche et vibrante aux d\u00e9licates roses jaunes qui ornent chaque pi\u00e8ce, cr\u00e9ant ainsi une atmosph\u00e8re printani\u00e8re vivace. Les pendentifs en forme de feuilles ajoutent une touche d&rsquo;\u00e9l\u00e9gance organique, tandis que les cristaux d\u00e9coratifs captent la lumi\u00e8re avec gr\u00e2ce et brillance. Fabriqu\u00e9 \u00e0 la main en p\u00e2te polym\u00e8re et en r\u00e9sine, chaque d\u00e9tail a \u00e9t\u00e9 m\u00e9ticuleusement travaill\u00e9 pour garantir une \u00e9l\u00e9gance intemporelle. Ce set est un compl\u00e9ment parfait \u00e0 votre garde-robe, que ce soit pour une touche de fra\u00eecheur quotidienne ou pour des occasions sp\u00e9ciales, apportant avec lui la beaut\u00e9 et l&rsquo;harmonie de la nature.<\/p>\n","protected":false},"featured_media":1969,"template":"","meta":{"_seopress_robots_primary_cat":"none","_seopress_titles_title":"Boucles d'oreilles et collier : beaut\u00e9 naturelle faite \u00e0 la main pour toutes les occasions","_seopress_titles_desc":"Explorez la beaut\u00e9 intemporelle de la nature avec notre ensemble de boucles d'oreilles et de colliers. Travaill\u00e9e avec amour et savoir-faire, chaque pi\u00e8ce est une ode au printemps perp\u00e9tuel. Les roses jaunes, d\u00e9licates et vibrantes sur un fond vert frais, capturent l'essence de la saison. Les pendentifs en forme de feuilles conf\u00e8rent une \u00e9l\u00e9gance organique, tandis que les cristaux d\u00e9coratifs ajoutent de l'\u00e9clat. Fabriqu\u00e9 \u00e0 la main \u00e0 partir d'argile polym\u00e8re et de r\u00e9sine, chaque d\u00e9tail est reproduit avec pr\u00e9cision pour une beaut\u00e9 intemporelle. Parfait pour un usage quotidien ou des occasions sp\u00e9ciales, cet ensemble apporte une harmonie naturelle \u00e0 votre garde-robe.","_seopress_robots_index":""},"product_brand":[],"product_cat":[265,346],"product_tag":[],"class_list":{"0":"post-1958","1":"product","2":"type-product","3":"status-publish","4":"has-post-thumbnail","6":"product_cat-bijoux","7":"product_cat-set-jeu-de-mots","9":"first","10":"instock","11":"shipping-taxable","12":"purchasable","13":"product-type-simple"},"jetpack_sharing_enabled":true,"_links":{"self":[{"href":"https:\/\/minacore.ch\/fr\/wp-json\/wp\/v2\/product\/1958","targetHints":{"allow":["GET"]}}],"collection":[{"href":"https:\/\/minacore.ch\/fr\/wp-json\/wp\/v2\/product"}],"about":[{"href":"https:\/\/minacore.ch\/fr\/wp-json\/wp\/v2\/types\/product"}],"wp:featuredmedia":[{"embeddable":true,"href":"https:\/\/minacore.ch\/fr\/wp-json\/wp\/v2\/media\/1969"}],"wp:attachment":[{"href":"https:\/\/minacore.ch\/fr\/wp-json\/wp\/v2\/media?parent=1958"}],"wp:term":[{"taxonomy":"product_brand","embeddable":true,"href":"https:\/\/minacore.ch\/fr\/wp-json\/wp\/v2\/product_brand?post=1958"},{"taxonomy":"product_cat","embeddable":true,"href":"https:\/\/minacore.ch\/fr\/wp-json\/wp\/v2\/product_cat?post=1958"},{"taxonomy":"product_tag","embeddable":true,"href":"https:\/\/minacore.ch\/fr\/wp-json\/wp\/v2\/product_tag?post=1958"}],"curies":[{"name":"wp","href":"https:\/\/api.w.org\/{rel}","templated":true}]}}