{"id":1919,"date":"2024-04-12T18:11:06","date_gmt":"2024-04-12T16:11:06","guid":{"rendered":"https:\/\/minacore.ch\/prodotto\/roses-roses\/"},"modified":"2024-04-23T15:38:26","modified_gmt":"2024-04-23T13:38:26","slug":"roses-roses","status":"publish","type":"product","link":"https:\/\/minacore.ch\/fr\/prodotto\/roses-roses\/","title":{"rendered":"Roses roses"},"content":{"rendered":"","protected":false},"excerpt":{"rendered":"<p>Notre ensemble collier et boucles d&rsquo;oreilles en r\u00e9sine et p\u00e2te polym\u00e8re est une expression \u00e9l\u00e9gante de d\u00e9licatesse et d&rsquo;artisanat. Le collier se compose d&rsquo;une base blanche qui sert de toile pour les magnifiques d\u00e9corations florales en 3D, notamment des roses roses, des bourgeons et des feuilles, toutes habilement r\u00e9alis\u00e9es \u00e0 la main. Chaque fleur et chaque feuille est orn\u00e9e de petits diamants, ajoutant une touche d&rsquo;\u00e9clat et de charme. Les boucles d&rsquo;oreilles assorties reprennent le m\u00eame design raffin\u00e9 que le collier, offrant ainsi une coordination parfaite. Ce set est une ode \u00e0 la beaut\u00e9 de la nature, un compl\u00e9ment charmant et romantique \u00e0 tout ensemble, parfait pour ceux qui recherchent une touche d&rsquo;\u00e9l\u00e9gance et d&rsquo;originalit\u00e9.<\/p>\n","protected":false},"featured_media":1929,"template":"","meta":{"_seopress_robots_primary_cat":"none","_seopress_titles_title":"Collier et boucles d'oreilles en r\u00e9sine et argile polym\u00e8re : d\u00e9licatesse artisanale et style floral en 3D","_seopress_titles_desc":"Exprimez votre d\u00e9licatesse et votre style artisanal avec notre ensemble collier et boucles d'oreilles en r\u00e9sine et p\u00e2te polym\u00e8re. Le collier, toile vierge pour les d\u00e9corations florales en 3D, offre des roses roses, des bourgeons et des feuilles, tous habilement cr\u00e9\u00e9s \u00e0 la main. Chaque fleur et chaque feuille sont orn\u00e9es de petits diamants, ce qui leur conf\u00e8re \u00e9clat et charme. Des boucles d'oreilles assorties compl\u00e8tent le look avec le m\u00eame design raffin\u00e9 que le collier. Ode \u00e0 la beaut\u00e9 naturelle, cet ensemble est un compl\u00e9ment charmant et romantique \u00e0 toute tenue pour une touche d'\u00e9l\u00e9gance et d'originalit\u00e9.","_seopress_robots_index":""},"product_brand":[],"product_cat":[265,346],"product_tag":[],"class_list":{"0":"post-1919","1":"product","2":"type-product","3":"status-publish","4":"has-post-thumbnail","6":"product_cat-bijoux","7":"product_cat-set-jeu-de-mots","9":"first","10":"instock","11":"shipping-taxable","12":"purchasable","13":"product-type-simple"},"jetpack_sharing_enabled":true,"_links":{"self":[{"href":"https:\/\/minacore.ch\/fr\/wp-json\/wp\/v2\/product\/1919","targetHints":{"allow":["GET"]}}],"collection":[{"href":"https:\/\/minacore.ch\/fr\/wp-json\/wp\/v2\/product"}],"about":[{"href":"https:\/\/minacore.ch\/fr\/wp-json\/wp\/v2\/types\/product"}],"wp:featuredmedia":[{"embeddable":true,"href":"https:\/\/minacore.ch\/fr\/wp-json\/wp\/v2\/media\/1929"}],"wp:attachment":[{"href":"https:\/\/minacore.ch\/fr\/wp-json\/wp\/v2\/media?parent=1919"}],"wp:term":[{"taxonomy":"product_brand","embeddable":true,"href":"https:\/\/minacore.ch\/fr\/wp-json\/wp\/v2\/product_brand?post=1919"},{"taxonomy":"product_cat","embeddable":true,"href":"https:\/\/minacore.ch\/fr\/wp-json\/wp\/v2\/product_cat?post=1919"},{"taxonomy":"product_tag","embeddable":true,"href":"https:\/\/minacore.ch\/fr\/wp-json\/wp\/v2\/product_tag?post=1919"}],"curies":[{"name":"wp","href":"https:\/\/api.w.org\/{rel}","templated":true}]}}