{"id":1879,"date":"2024-04-10T08:51:16","date_gmt":"2024-04-10T06:51:16","guid":{"rendered":"https:\/\/minacore.ch\/prodotto\/short-ecobimbo\/"},"modified":"2024-04-25T12:49:14","modified_gmt":"2024-04-25T10:49:14","slug":"short-ecobimbo","status":"publish","type":"product","link":"https:\/\/minacore.ch\/fr\/prodotto\/short-ecobimbo\/","title":{"rendered":"Short EcoBimbo"},"content":{"rendered":"","protected":false},"excerpt":{"rendered":"<p>Pour un look doux et frais ! Confectionn\u00e9 avec soin, il est dot\u00e9 d&rsquo;un cordon de serrage ajustable \u00e0 la taille. Id\u00e9al pour les journ\u00e9es d&rsquo;\u00e9t\u00e9 sp\u00e9ciales ou pour un style chic et d\u00e9contract\u00e9. Style raffin\u00e9 et confort en un seul v\u00eatement.<\/p>\n","protected":false},"featured_media":1483,"template":"","meta":{"_seopress_robots_primary_cat":"none","_seopress_titles_title":"Veste d'\u00e9t\u00e9 ajustable : style raffin\u00e9 et confort unique","_seopress_titles_desc":"Exprimez votre style doux et frais avec ce v\u00eatement d\u00e9licatement confectionn\u00e9, dot\u00e9 d'un cordon de serrage ajustable \u00e0 la taille. Parfait pour les journ\u00e9es d'\u00e9t\u00e9 sp\u00e9ciales ou pour une touche chic et d\u00e9contract\u00e9e. Il allie sophistication et confort en une seule cr\u00e9ation.","_seopress_robots_index":"","_seopress_analysis_target_kw":""},"product_brand":[],"product_cat":[268],"product_tag":[],"class_list":{"0":"post-1879","1":"product","2":"type-product","3":"status-publish","4":"has-post-thumbnail","6":"product_cat-enfant","8":"first","9":"instock","10":"shipping-taxable","11":"purchasable","12":"product-type-simple"},"jetpack_sharing_enabled":true,"_links":{"self":[{"href":"https:\/\/minacore.ch\/fr\/wp-json\/wp\/v2\/product\/1879","targetHints":{"allow":["GET"]}}],"collection":[{"href":"https:\/\/minacore.ch\/fr\/wp-json\/wp\/v2\/product"}],"about":[{"href":"https:\/\/minacore.ch\/fr\/wp-json\/wp\/v2\/types\/product"}],"wp:featuredmedia":[{"embeddable":true,"href":"https:\/\/minacore.ch\/fr\/wp-json\/wp\/v2\/media\/1483"}],"wp:attachment":[{"href":"https:\/\/minacore.ch\/fr\/wp-json\/wp\/v2\/media?parent=1879"}],"wp:term":[{"taxonomy":"product_brand","embeddable":true,"href":"https:\/\/minacore.ch\/fr\/wp-json\/wp\/v2\/product_brand?post=1879"},{"taxonomy":"product_cat","embeddable":true,"href":"https:\/\/minacore.ch\/fr\/wp-json\/wp\/v2\/product_cat?post=1879"},{"taxonomy":"product_tag","embeddable":true,"href":"https:\/\/minacore.ch\/fr\/wp-json\/wp\/v2\/product_tag?post=1879"}],"curies":[{"name":"wp","href":"https:\/\/api.w.org\/{rel}","templated":true}]}}