{"id":1825,"date":"2024-04-08T13:54:52","date_gmt":"2024-04-08T11:54:52","guid":{"rendered":"https:\/\/minacore.ch\/prodotto\/cactus-cargo\/"},"modified":"2024-05-10T16:27:22","modified_gmt":"2024-05-10T14:27:22","slug":"cactus-cargo","status":"publish","type":"product","link":"https:\/\/minacore.ch\/fr\/prodotto\/cactus-cargo\/","title":{"rendered":"Cactus Cargo"},"content":{"rendered":"","protected":false},"excerpt":{"rendered":"<p>Ajoutez une touche de fra\u00eecheur et de fun \u00e0 votre look avec ces gilets cargo bleu clair, dot\u00e9s de poches fonctionnelles et d&rsquo;une base en coton pour un confort durable. L&rsquo;imprim\u00e9 cactus apporte une touche d&rsquo;originalit\u00e9 et de personnalit\u00e9, avec un air d&rsquo;aventure et d&rsquo;insouciance. Id\u00e9ales pour un look d\u00e9contract\u00e9, ces chaussures cargo sont le compl\u00e9ment parfait de votre garde-robe estivale.<\/p>\n","protected":false},"featured_media":2699,"template":"","meta":{"_seopress_robots_primary_cat":"","_seopress_titles_title":"","_seopress_titles_desc":"","_seopress_robots_index":""},"product_brand":[],"product_cat":[122,288],"product_tag":[],"class_list":{"0":"post-1825","1":"product","2":"type-product","3":"status-publish","4":"has-post-thumbnail","6":"product_cat-femme","7":"product_cat-pantalon","9":"first","10":"instock","11":"shipping-taxable","12":"purchasable","13":"product-type-simple"},"jetpack_sharing_enabled":true,"_links":{"self":[{"href":"https:\/\/minacore.ch\/fr\/wp-json\/wp\/v2\/product\/1825","targetHints":{"allow":["GET"]}}],"collection":[{"href":"https:\/\/minacore.ch\/fr\/wp-json\/wp\/v2\/product"}],"about":[{"href":"https:\/\/minacore.ch\/fr\/wp-json\/wp\/v2\/types\/product"}],"wp:featuredmedia":[{"embeddable":true,"href":"https:\/\/minacore.ch\/fr\/wp-json\/wp\/v2\/media\/2699"}],"wp:attachment":[{"href":"https:\/\/minacore.ch\/fr\/wp-json\/wp\/v2\/media?parent=1825"}],"wp:term":[{"taxonomy":"product_brand","embeddable":true,"href":"https:\/\/minacore.ch\/fr\/wp-json\/wp\/v2\/product_brand?post=1825"},{"taxonomy":"product_cat","embeddable":true,"href":"https:\/\/minacore.ch\/fr\/wp-json\/wp\/v2\/product_cat?post=1825"},{"taxonomy":"product_tag","embeddable":true,"href":"https:\/\/minacore.ch\/fr\/wp-json\/wp\/v2\/product_tag?post=1825"}],"curies":[{"name":"wp","href":"https:\/\/api.w.org\/{rel}","templated":true}]}}