{"id":1816,"date":"2024-04-08T13:51:28","date_gmt":"2024-04-08T11:51:28","guid":{"rendered":"https:\/\/minacore.ch\/prodotto\/teatime-short\/"},"modified":"2024-05-10T17:19:27","modified_gmt":"2024-05-10T15:19:27","slug":"teatime-short","status":"publish","type":"product","link":"https:\/\/minacore.ch\/fr\/prodotto\/teatime-short\/","title":{"rendered":"TeaTime &#8211; Short"},"content":{"rendered":"","protected":false},"excerpt":{"rendered":"<p>Rehaussez votre garde-robe estivale avec cet \u00e9l\u00e9gant short fait main, fabriqu\u00e9 en coton de haute qualit\u00e9 et doubl\u00e9 de soie pure pour une touche luxueuse. Dot\u00e9 de poches sur les hanches pour plus de praticit\u00e9 sans sacrifier le style, ce short est une option polyvalente qui allie confort et sophistication. Parfait pour un look chic et d\u00e9contract\u00e9, ce short est indispensable pour la saison chaude.<\/p>\n","protected":false},"featured_media":2779,"template":"","meta":{"_seopress_robots_primary_cat":"","_seopress_titles_title":"","_seopress_titles_desc":"","_seopress_robots_index":""},"product_brand":[],"product_cat":[122,288],"product_tag":[],"class_list":{"0":"post-1816","1":"product","2":"type-product","3":"status-publish","4":"has-post-thumbnail","6":"product_cat-femme","7":"product_cat-pantalon","9":"first","10":"instock","11":"shipping-taxable","12":"purchasable","13":"product-type-simple"},"jetpack_sharing_enabled":true,"_links":{"self":[{"href":"https:\/\/minacore.ch\/fr\/wp-json\/wp\/v2\/product\/1816","targetHints":{"allow":["GET"]}}],"collection":[{"href":"https:\/\/minacore.ch\/fr\/wp-json\/wp\/v2\/product"}],"about":[{"href":"https:\/\/minacore.ch\/fr\/wp-json\/wp\/v2\/types\/product"}],"wp:featuredmedia":[{"embeddable":true,"href":"https:\/\/minacore.ch\/fr\/wp-json\/wp\/v2\/media\/2779"}],"wp:attachment":[{"href":"https:\/\/minacore.ch\/fr\/wp-json\/wp\/v2\/media?parent=1816"}],"wp:term":[{"taxonomy":"product_brand","embeddable":true,"href":"https:\/\/minacore.ch\/fr\/wp-json\/wp\/v2\/product_brand?post=1816"},{"taxonomy":"product_cat","embeddable":true,"href":"https:\/\/minacore.ch\/fr\/wp-json\/wp\/v2\/product_cat?post=1816"},{"taxonomy":"product_tag","embeddable":true,"href":"https:\/\/minacore.ch\/fr\/wp-json\/wp\/v2\/product_tag?post=1816"}],"curies":[{"name":"wp","href":"https:\/\/api.w.org\/{rel}","templated":true}]}}