{"id":1804,"date":"2024-04-08T13:47:06","date_gmt":"2024-04-08T11:47:06","guid":{"rendered":"https:\/\/minacore.ch\/prodotto\/upcycle-pantalons-2\/"},"modified":"2024-05-10T16:25:00","modified_gmt":"2024-05-10T14:25:00","slug":"upcycle-pantalons-2","status":"publish","type":"product","link":"https:\/\/minacore.ch\/fr\/prodotto\/upcycle-pantalons-2\/","title":{"rendered":"UpCycle &#8211; Pantalons"},"content":{"rendered":"","protected":false},"excerpt":{"rendered":"<p>Explorez le caract\u00e8re unique et l&rsquo;\u00e9thique de la mode durable avec ces pantalons faits \u00e0 la main, fabriqu\u00e9s \u00e0 partir de tissus r\u00e9cup\u00e9r\u00e9s. Chaque couture repr\u00e9sente un engagement \u00e0 r\u00e9duire les d\u00e9chets et \u00e0 c\u00e9l\u00e9brer la beaut\u00e9 de la r\u00e9utilisation. Avec un design unique et une histoire de renaissance, ces pantalons ajoutent non seulement du style \u00e0 votre garde-robe, mais aussi un sens de la conscience environnementale et de la mode responsable.<\/p>\n","protected":false},"featured_media":2683,"template":"","meta":{"_seopress_robots_primary_cat":"","_seopress_titles_title":"","_seopress_titles_desc":"","_seopress_robots_index":""},"product_brand":[],"product_cat":[122,288],"product_tag":[],"class_list":{"0":"post-1804","1":"product","2":"type-product","3":"status-publish","4":"has-post-thumbnail","6":"product_cat-femme","7":"product_cat-pantalon","9":"first","10":"instock","11":"shipping-taxable","12":"purchasable","13":"product-type-simple"},"jetpack_sharing_enabled":true,"_links":{"self":[{"href":"https:\/\/minacore.ch\/fr\/wp-json\/wp\/v2\/product\/1804","targetHints":{"allow":["GET"]}}],"collection":[{"href":"https:\/\/minacore.ch\/fr\/wp-json\/wp\/v2\/product"}],"about":[{"href":"https:\/\/minacore.ch\/fr\/wp-json\/wp\/v2\/types\/product"}],"wp:featuredmedia":[{"embeddable":true,"href":"https:\/\/minacore.ch\/fr\/wp-json\/wp\/v2\/media\/2683"}],"wp:attachment":[{"href":"https:\/\/minacore.ch\/fr\/wp-json\/wp\/v2\/media?parent=1804"}],"wp:term":[{"taxonomy":"product_brand","embeddable":true,"href":"https:\/\/minacore.ch\/fr\/wp-json\/wp\/v2\/product_brand?post=1804"},{"taxonomy":"product_cat","embeddable":true,"href":"https:\/\/minacore.ch\/fr\/wp-json\/wp\/v2\/product_cat?post=1804"},{"taxonomy":"product_tag","embeddable":true,"href":"https:\/\/minacore.ch\/fr\/wp-json\/wp\/v2\/product_tag?post=1804"}],"curies":[{"name":"wp","href":"https:\/\/api.w.org\/{rel}","templated":true}]}}