{"id":1792,"date":"2024-04-08T13:45:05","date_gmt":"2024-04-08T11:45:05","guid":{"rendered":"https:\/\/minacore.ch\/prodotto\/upcycle-pantalons\/"},"modified":"2024-04-09T20:08:37","modified_gmt":"2024-04-09T18:08:37","slug":"upcycle-pantalons","status":"publish","type":"product","link":"https:\/\/minacore.ch\/fr\/prodotto\/upcycle-pantalons\/","title":{"rendered":"UpCycle &#8211; Pantalon 4 poches"},"content":{"rendered":"","protected":false},"excerpt":{"rendered":"<p>Rehaussez votre style avec ce pantalon unique, fabriqu\u00e9 \u00e0 la main \u00e0 partir de chutes de tissu provenant d&rsquo;une veste et de t-shirts. Chaque pi\u00e8ce est unique, refl\u00e9tant l&rsquo;art du recyclage et un engagement en faveur de la durabilit\u00e9. Avec un design original et une histoire \u00e0 raconter, ce pantalon vous permettra non seulement de vous sentir \u00e0 la mode, mais aussi de prendre conscience de l&rsquo;importance du recyclage et de la r\u00e9duction des d\u00e9chets.<\/p>\n","protected":false},"featured_media":2033,"template":"","meta":{"_seopress_robots_primary_cat":"","_seopress_titles_title":"","_seopress_titles_desc":"","_seopress_robots_index":""},"product_brand":[],"product_cat":[122,288],"product_tag":[],"class_list":{"0":"post-1792","1":"product","2":"type-product","3":"status-publish","4":"has-post-thumbnail","6":"product_cat-femme","7":"product_cat-pantalon","9":"first","10":"instock","11":"shipping-taxable","12":"purchasable","13":"product-type-simple"},"jetpack_sharing_enabled":true,"_links":{"self":[{"href":"https:\/\/minacore.ch\/fr\/wp-json\/wp\/v2\/product\/1792","targetHints":{"allow":["GET"]}}],"collection":[{"href":"https:\/\/minacore.ch\/fr\/wp-json\/wp\/v2\/product"}],"about":[{"href":"https:\/\/minacore.ch\/fr\/wp-json\/wp\/v2\/types\/product"}],"wp:featuredmedia":[{"embeddable":true,"href":"https:\/\/minacore.ch\/fr\/wp-json\/wp\/v2\/media\/2033"}],"wp:attachment":[{"href":"https:\/\/minacore.ch\/fr\/wp-json\/wp\/v2\/media?parent=1792"}],"wp:term":[{"taxonomy":"product_brand","embeddable":true,"href":"https:\/\/minacore.ch\/fr\/wp-json\/wp\/v2\/product_brand?post=1792"},{"taxonomy":"product_cat","embeddable":true,"href":"https:\/\/minacore.ch\/fr\/wp-json\/wp\/v2\/product_cat?post=1792"},{"taxonomy":"product_tag","embeddable":true,"href":"https:\/\/minacore.ch\/fr\/wp-json\/wp\/v2\/product_tag?post=1792"}],"curies":[{"name":"wp","href":"https:\/\/api.w.org\/{rel}","templated":true}]}}