{"id":1767,"date":"2024-04-08T13:39:36","date_gmt":"2024-04-08T11:39:36","guid":{"rendered":"https:\/\/minacore.ch\/prodotto\/boho-sac-2\/"},"modified":"2024-04-09T20:33:18","modified_gmt":"2024-04-09T18:33:18","slug":"boho-sac-2","status":"publish","type":"product","link":"https:\/\/minacore.ch\/fr\/prodotto\/boho-sac-2\/","title":{"rendered":"Boho &#8211; Sac"},"content":{"rendered":"","protected":false},"excerpt":{"rendered":"<p>Ajoutez une touche de gr\u00e2ce et de couleur \u00e0 votre tenue avec ce sac en crochet bleu fonc\u00e9, fabriqu\u00e9 avec amour \u00e0 partir de fils recycl\u00e9s. Dot\u00e9 de carr\u00e9s Granny qui cr\u00e9ent un motif accrocheur, ce sac est orn\u00e9 d&rsquo;une rose crochet\u00e9e appliqu\u00e9e au centre, ce qui lui conf\u00e8re une touche de d\u00e9licatesse et de f\u00e9minit\u00e9. Chaque point raconte une histoire de durabilit\u00e9 et de cr\u00e9ativit\u00e9, faisant de ce sac non seulement un accessoire de mode, mais aussi une d\u00e9claration de style et d&rsquo;engagement en faveur de l&rsquo;environnement.<\/p>\n","protected":false},"featured_media":1759,"template":"","meta":{"_seopress_robots_primary_cat":"","_seopress_titles_title":"","_seopress_titles_desc":"","_seopress_robots_index":""},"product_brand":[],"product_cat":[177,325],"product_tag":[],"class_list":{"0":"post-1767","1":"product","2":"type-product","3":"status-publish","4":"has-post-thumbnail","6":"product_cat-accessoires","7":"product_cat-sacs","9":"first","10":"instock","11":"shipping-taxable","12":"purchasable","13":"product-type-simple"},"jetpack_sharing_enabled":true,"_links":{"self":[{"href":"https:\/\/minacore.ch\/fr\/wp-json\/wp\/v2\/product\/1767","targetHints":{"allow":["GET"]}}],"collection":[{"href":"https:\/\/minacore.ch\/fr\/wp-json\/wp\/v2\/product"}],"about":[{"href":"https:\/\/minacore.ch\/fr\/wp-json\/wp\/v2\/types\/product"}],"wp:featuredmedia":[{"embeddable":true,"href":"https:\/\/minacore.ch\/fr\/wp-json\/wp\/v2\/media\/1759"}],"wp:attachment":[{"href":"https:\/\/minacore.ch\/fr\/wp-json\/wp\/v2\/media?parent=1767"}],"wp:term":[{"taxonomy":"product_brand","embeddable":true,"href":"https:\/\/minacore.ch\/fr\/wp-json\/wp\/v2\/product_brand?post=1767"},{"taxonomy":"product_cat","embeddable":true,"href":"https:\/\/minacore.ch\/fr\/wp-json\/wp\/v2\/product_cat?post=1767"},{"taxonomy":"product_tag","embeddable":true,"href":"https:\/\/minacore.ch\/fr\/wp-json\/wp\/v2\/product_tag?post=1767"}],"curies":[{"name":"wp","href":"https:\/\/api.w.org\/{rel}","templated":true}]}}