{"id":1751,"date":"2024-04-08T13:36:11","date_gmt":"2024-04-08T11:36:11","guid":{"rendered":"https:\/\/minacore.ch\/prodotto\/sac-tonda-m\/"},"modified":"2024-04-09T20:19:44","modified_gmt":"2024-04-09T18:19:44","slug":"sac-tonda-m","status":"publish","type":"product","link":"https:\/\/minacore.ch\/fr\/prodotto\/sac-tonda-m\/","title":{"rendered":"Sac TONDA (M)"},"content":{"rendered":"","protected":false},"excerpt":{"rendered":"<p>Ajoutez une touche d&rsquo;\u00e9l\u00e9gance moderne \u00e0 votre look avec ce sac en crochet, enti\u00e8rement r\u00e9alis\u00e9 \u00e0 la main \u00e0 partir de fils recycl\u00e9s. Dot\u00e9 d&rsquo;une fermeture \u00e0 glissi\u00e8re pratique avec un curseur d\u00e9cor\u00e9 de r\u00e9sine, ce sac allie fonctionnalit\u00e9 et style de mani\u00e8re unique. La d\u00e9coration en r\u00e9sine ajoute une touche d&rsquo;originalit\u00e9 et de personnalit\u00e9, faisant de ce sac un accessoire distinctif pour toutes les occasions.<\/p>\n","protected":false},"featured_media":1743,"template":"","meta":{"_seopress_robots_primary_cat":"","_seopress_titles_title":"","_seopress_titles_desc":"","_seopress_robots_index":""},"product_brand":[],"product_cat":[177,325],"product_tag":[],"class_list":{"0":"post-1751","1":"product","2":"type-product","3":"status-publish","4":"has-post-thumbnail","6":"product_cat-accessoires","7":"product_cat-sacs","9":"first","10":"outofstock","11":"featured","12":"shipping-taxable","13":"purchasable","14":"product-type-simple"},"jetpack_sharing_enabled":true,"_links":{"self":[{"href":"https:\/\/minacore.ch\/fr\/wp-json\/wp\/v2\/product\/1751","targetHints":{"allow":["GET"]}}],"collection":[{"href":"https:\/\/minacore.ch\/fr\/wp-json\/wp\/v2\/product"}],"about":[{"href":"https:\/\/minacore.ch\/fr\/wp-json\/wp\/v2\/types\/product"}],"wp:featuredmedia":[{"embeddable":true,"href":"https:\/\/minacore.ch\/fr\/wp-json\/wp\/v2\/media\/1743"}],"wp:attachment":[{"href":"https:\/\/minacore.ch\/fr\/wp-json\/wp\/v2\/media?parent=1751"}],"wp:term":[{"taxonomy":"product_brand","embeddable":true,"href":"https:\/\/minacore.ch\/fr\/wp-json\/wp\/v2\/product_brand?post=1751"},{"taxonomy":"product_cat","embeddable":true,"href":"https:\/\/minacore.ch\/fr\/wp-json\/wp\/v2\/product_cat?post=1751"},{"taxonomy":"product_tag","embeddable":true,"href":"https:\/\/minacore.ch\/fr\/wp-json\/wp\/v2\/product_tag?post=1751"}],"curies":[{"name":"wp","href":"https:\/\/api.w.org\/{rel}","templated":true}]}}