{"id":1735,"date":"2024-04-08T13:34:06","date_gmt":"2024-04-08T11:34:06","guid":{"rendered":"https:\/\/minacore.ch\/prodotto\/bandouliere-pour-telephone-portable\/"},"modified":"2024-04-09T20:19:46","modified_gmt":"2024-04-09T18:19:46","slug":"bandouliere-pour-telephone-portable","status":"publish","type":"product","link":"https:\/\/minacore.ch\/fr\/prodotto\/bandouliere-pour-telephone-portable\/","title":{"rendered":"Bandouli\u00e8re pour t\u00e9l\u00e9phone portable"},"content":{"rendered":"","protected":false},"excerpt":{"rendered":"<p>\u00c9levez votre style \u00e9cologique avec ce sac \u00e0 bandouli\u00e8re en crochet pour t\u00e9l\u00e9phone portable, fabriqu\u00e9 \u00e0 la main \u00e0 partir de fils recycl\u00e9s. Parfait pour garder votre t\u00e9l\u00e9phone \u00e0 port\u00e9e de main, il est dot\u00e9 d&rsquo;un rabat ferm\u00e9 par un bouton magn\u00e9tique pour plus de s\u00e9curit\u00e9. Chaque point est unique, refl\u00e9tant votre engagement en faveur du d\u00e9veloppement durable et votre appr\u00e9ciation du travail artisanal.<\/p>\n","protected":false},"featured_media":1731,"template":"","meta":{"_seopress_robots_primary_cat":"","_seopress_titles_title":"","_seopress_titles_desc":"","_seopress_robots_index":""},"product_brand":[],"product_cat":[177,325],"product_tag":[],"class_list":{"0":"post-1735","1":"product","2":"type-product","3":"status-publish","4":"has-post-thumbnail","6":"product_cat-accessoires","7":"product_cat-sacs","9":"first","10":"outofstock","11":"shipping-taxable","12":"purchasable","13":"product-type-simple"},"jetpack_sharing_enabled":true,"_links":{"self":[{"href":"https:\/\/minacore.ch\/fr\/wp-json\/wp\/v2\/product\/1735","targetHints":{"allow":["GET"]}}],"collection":[{"href":"https:\/\/minacore.ch\/fr\/wp-json\/wp\/v2\/product"}],"about":[{"href":"https:\/\/minacore.ch\/fr\/wp-json\/wp\/v2\/types\/product"}],"wp:featuredmedia":[{"embeddable":true,"href":"https:\/\/minacore.ch\/fr\/wp-json\/wp\/v2\/media\/1731"}],"wp:attachment":[{"href":"https:\/\/minacore.ch\/fr\/wp-json\/wp\/v2\/media?parent=1735"}],"wp:term":[{"taxonomy":"product_brand","embeddable":true,"href":"https:\/\/minacore.ch\/fr\/wp-json\/wp\/v2\/product_brand?post=1735"},{"taxonomy":"product_cat","embeddable":true,"href":"https:\/\/minacore.ch\/fr\/wp-json\/wp\/v2\/product_cat?post=1735"},{"taxonomy":"product_tag","embeddable":true,"href":"https:\/\/minacore.ch\/fr\/wp-json\/wp\/v2\/product_tag?post=1735"}],"curies":[{"name":"wp","href":"https:\/\/api.w.org\/{rel}","templated":true}]}}