{"id":1719,"date":"2024-04-08T13:26:25","date_gmt":"2024-04-08T11:26:25","guid":{"rendered":"https:\/\/minacore.ch\/prodotto\/boho-sac\/"},"modified":"2024-04-09T20:19:45","modified_gmt":"2024-04-09T18:19:45","slug":"boho-sac","status":"publish","type":"product","link":"https:\/\/minacore.ch\/fr\/prodotto\/boho-sac\/","title":{"rendered":"Boho &#8211; Sac"},"content":{"rendered":"","protected":false},"excerpt":{"rendered":"<p>Explorez le style boh\u00e8me avec ce sac en crochet fait main, cr\u00e9\u00e9 avec amour \u00e0 partir de fils recycl\u00e9s. Ses poign\u00e9es courtes sont orn\u00e9es de franges d\u00e9coratives, ajoutant une touche de charme et d&rsquo;originalit\u00e9. Chaque fil raconte une histoire, ce qui fait de ce sac non seulement un accessoire de mode, mais aussi une d\u00e9claration de durabilit\u00e9 et de cr\u00e9ativit\u00e9.<\/p>\n","protected":false},"featured_media":1715,"template":"","meta":{"_seopress_robots_primary_cat":"","_seopress_titles_title":"","_seopress_titles_desc":"","_seopress_robots_index":""},"product_brand":[],"product_cat":[177,325],"product_tag":[],"class_list":{"0":"post-1719","1":"product","2":"type-product","3":"status-publish","4":"has-post-thumbnail","6":"product_cat-accessoires","7":"product_cat-sacs","9":"first","10":"outofstock","11":"shipping-taxable","12":"purchasable","13":"product-type-simple"},"jetpack_sharing_enabled":true,"_links":{"self":[{"href":"https:\/\/minacore.ch\/fr\/wp-json\/wp\/v2\/product\/1719","targetHints":{"allow":["GET"]}}],"collection":[{"href":"https:\/\/minacore.ch\/fr\/wp-json\/wp\/v2\/product"}],"about":[{"href":"https:\/\/minacore.ch\/fr\/wp-json\/wp\/v2\/types\/product"}],"wp:featuredmedia":[{"embeddable":true,"href":"https:\/\/minacore.ch\/fr\/wp-json\/wp\/v2\/media\/1715"}],"wp:attachment":[{"href":"https:\/\/minacore.ch\/fr\/wp-json\/wp\/v2\/media?parent=1719"}],"wp:term":[{"taxonomy":"product_brand","embeddable":true,"href":"https:\/\/minacore.ch\/fr\/wp-json\/wp\/v2\/product_brand?post=1719"},{"taxonomy":"product_cat","embeddable":true,"href":"https:\/\/minacore.ch\/fr\/wp-json\/wp\/v2\/product_cat?post=1719"},{"taxonomy":"product_tag","embeddable":true,"href":"https:\/\/minacore.ch\/fr\/wp-json\/wp\/v2\/product_tag?post=1719"}],"curies":[{"name":"wp","href":"https:\/\/api.w.org\/{rel}","templated":true}]}}