{"id":1707,"date":"2024-04-06T17:07:10","date_gmt":"2024-04-06T15:07:10","guid":{"rendered":"https:\/\/minacore.ch\/prodotto\/tea-time-t-shirt\/"},"modified":"2024-05-10T17:18:31","modified_gmt":"2024-05-10T15:18:31","slug":"tea-time-t-shirt","status":"publish","type":"product","link":"https:\/\/minacore.ch\/fr\/prodotto\/tea-time-t-shirt\/","title":{"rendered":"Tea Time &#8211; T-shirt"},"content":{"rendered":"","protected":false},"excerpt":{"rendered":"<p>Une \u00e9l\u00e9gance sans faille ! Ce T-shirt en pure soie apporte une touche de luxe et de sophistication \u00e0 votre garde-robe. L&rsquo;ourlet fronc\u00e9 et les manches ballon ajoutent un d\u00e9tail f\u00e9minin et chic. Parfait pour un look printanier sophistiqu\u00e9, ce T-shirt est une option polyvalente pour toutes les occasions, d&rsquo;une journ\u00e9e au bureau \u00e0 un ap\u00e9ritif entre amis.<\/p>\n","protected":false},"featured_media":2763,"template":"","meta":{"_seopress_robots_primary_cat":"","_seopress_titles_title":"","_seopress_titles_desc":"","_seopress_robots_index":""},"product_brand":[],"product_cat":[122,302],"product_tag":[],"class_list":{"0":"post-1707","1":"product","2":"type-product","3":"status-publish","4":"has-post-thumbnail","6":"product_cat-femme","7":"product_cat-haut-de-page","9":"first","10":"outofstock","11":"shipping-taxable","12":"purchasable","13":"product-type-simple"},"jetpack_sharing_enabled":true,"_links":{"self":[{"href":"https:\/\/minacore.ch\/fr\/wp-json\/wp\/v2\/product\/1707","targetHints":{"allow":["GET"]}}],"collection":[{"href":"https:\/\/minacore.ch\/fr\/wp-json\/wp\/v2\/product"}],"about":[{"href":"https:\/\/minacore.ch\/fr\/wp-json\/wp\/v2\/types\/product"}],"wp:featuredmedia":[{"embeddable":true,"href":"https:\/\/minacore.ch\/fr\/wp-json\/wp\/v2\/media\/2763"}],"wp:attachment":[{"href":"https:\/\/minacore.ch\/fr\/wp-json\/wp\/v2\/media?parent=1707"}],"wp:term":[{"taxonomy":"product_brand","embeddable":true,"href":"https:\/\/minacore.ch\/fr\/wp-json\/wp\/v2\/product_brand?post=1707"},{"taxonomy":"product_cat","embeddable":true,"href":"https:\/\/minacore.ch\/fr\/wp-json\/wp\/v2\/product_cat?post=1707"},{"taxonomy":"product_tag","embeddable":true,"href":"https:\/\/minacore.ch\/fr\/wp-json\/wp\/v2\/product_tag?post=1707"}],"curies":[{"name":"wp","href":"https:\/\/api.w.org\/{rel}","templated":true}]}}