{"id":1691,"date":"2024-04-06T17:05:21","date_gmt":"2024-04-06T15:05:21","guid":{"rendered":"https:\/\/minacore.ch\/prodotto\/tea-time-blazer\/"},"modified":"2024-04-09T20:09:26","modified_gmt":"2024-04-09T18:09:26","slug":"tea-time-blazer","status":"publish","type":"product","link":"https:\/\/minacore.ch\/fr\/prodotto\/tea-time-blazer\/","title":{"rendered":"Tea Time &#8211; Blazer"},"content":{"rendered":"","protected":false},"excerpt":{"rendered":"<p>Une touche d&rsquo;\u00e9l\u00e9gance printani\u00e8re ! Ce blazer de la s\u00e9rie \u00ab\u00a0Tea Time\u00a0\u00bb pr\u00e9sente un motif floral vibrant sur un coton l\u00e9ger. Les manches en soie ajoutent une touche de sophistication au v\u00eatement, parfait pour un look frais et chic. Id\u00e9al pour les journ\u00e9es fra\u00eeches du printemps ou pour compl\u00e9ter votre collection de v\u00eatements d\u00e9contract\u00e9s.<\/p>\n","protected":false},"featured_media":2783,"template":"","meta":{"_seopress_robots_primary_cat":"","_seopress_titles_title":"","_seopress_titles_desc":"","_seopress_robots_index":""},"product_brand":[],"product_cat":[122,302,313],"product_tag":[],"class_list":{"0":"post-1691","1":"product","2":"type-product","3":"status-publish","4":"has-post-thumbnail","6":"product_cat-femme","7":"product_cat-haut-de-page","8":"product_cat-vestes","10":"first","11":"instock","12":"shipping-taxable","13":"purchasable","14":"product-type-simple"},"jetpack_sharing_enabled":true,"_links":{"self":[{"href":"https:\/\/minacore.ch\/fr\/wp-json\/wp\/v2\/product\/1691","targetHints":{"allow":["GET"]}}],"collection":[{"href":"https:\/\/minacore.ch\/fr\/wp-json\/wp\/v2\/product"}],"about":[{"href":"https:\/\/minacore.ch\/fr\/wp-json\/wp\/v2\/types\/product"}],"wp:featuredmedia":[{"embeddable":true,"href":"https:\/\/minacore.ch\/fr\/wp-json\/wp\/v2\/media\/2783"}],"wp:attachment":[{"href":"https:\/\/minacore.ch\/fr\/wp-json\/wp\/v2\/media?parent=1691"}],"wp:term":[{"taxonomy":"product_brand","embeddable":true,"href":"https:\/\/minacore.ch\/fr\/wp-json\/wp\/v2\/product_brand?post=1691"},{"taxonomy":"product_cat","embeddable":true,"href":"https:\/\/minacore.ch\/fr\/wp-json\/wp\/v2\/product_cat?post=1691"},{"taxonomy":"product_tag","embeddable":true,"href":"https:\/\/minacore.ch\/fr\/wp-json\/wp\/v2\/product_tag?post=1691"}],"curies":[{"name":"wp","href":"https:\/\/api.w.org\/{rel}","templated":true}]}}