{"id":1658,"date":"2024-04-06T17:01:37","date_gmt":"2024-04-06T15:01:37","guid":{"rendered":"https:\/\/minacore.ch\/prodotto\/lheure-du-the-haut\/"},"modified":"2024-05-10T16:28:24","modified_gmt":"2024-05-10T14:28:24","slug":"lheure-du-the-haut","status":"publish","type":"product","link":"https:\/\/minacore.ch\/fr\/prodotto\/lheure-du-the-haut\/","title":{"rendered":"L&rsquo;heure du th\u00e9 &#8211; Haut"},"content":{"rendered":"","protected":false},"excerpt":{"rendered":"<p>Pour un look frais et raffin\u00e9 ! Ce haut de la s\u00e9rie \u00ab\u00a0Tea Time\u00a0\u00bb est fabriqu\u00e9 \u00e0 la main avec soin et attention aux d\u00e9tails. Le coton turquoise apporte une touche vive et printani\u00e8re, tandis que les d\u00e9tails en soie pure ajoutent une \u00e9l\u00e9gance d\u00e9licate. Dot\u00e9 d&rsquo;une ceinture \u00e9lastique pour une coupe confortable et adaptable, ce haut est parfait pour cr\u00e9er des tenues polyvalentes et f\u00e9minines, adapt\u00e9es \u00e0 toutes les occasions, des plus d\u00e9contract\u00e9es aux plus chics.<\/p>\n","protected":false},"featured_media":2707,"template":"","meta":{"_seopress_robots_primary_cat":"","_seopress_titles_title":"","_seopress_titles_desc":"","_seopress_robots_index":""},"product_brand":[],"product_cat":[122,302],"product_tag":[],"class_list":{"0":"post-1658","1":"product","2":"type-product","3":"status-publish","4":"has-post-thumbnail","6":"product_cat-femme","7":"product_cat-haut-de-page","9":"first","10":"instock","11":"sale","12":"shipping-taxable","13":"purchasable","14":"product-type-simple"},"jetpack_sharing_enabled":true,"_links":{"self":[{"href":"https:\/\/minacore.ch\/fr\/wp-json\/wp\/v2\/product\/1658","targetHints":{"allow":["GET"]}}],"collection":[{"href":"https:\/\/minacore.ch\/fr\/wp-json\/wp\/v2\/product"}],"about":[{"href":"https:\/\/minacore.ch\/fr\/wp-json\/wp\/v2\/types\/product"}],"wp:featuredmedia":[{"embeddable":true,"href":"https:\/\/minacore.ch\/fr\/wp-json\/wp\/v2\/media\/2707"}],"wp:attachment":[{"href":"https:\/\/minacore.ch\/fr\/wp-json\/wp\/v2\/media?parent=1658"}],"wp:term":[{"taxonomy":"product_brand","embeddable":true,"href":"https:\/\/minacore.ch\/fr\/wp-json\/wp\/v2\/product_brand?post=1658"},{"taxonomy":"product_cat","embeddable":true,"href":"https:\/\/minacore.ch\/fr\/wp-json\/wp\/v2\/product_cat?post=1658"},{"taxonomy":"product_tag","embeddable":true,"href":"https:\/\/minacore.ch\/fr\/wp-json\/wp\/v2\/product_tag?post=1658"}],"curies":[{"name":"wp","href":"https:\/\/api.w.org\/{rel}","templated":true}]}}