{"id":1643,"date":"2024-04-06T16:59:49","date_gmt":"2024-04-06T14:59:49","guid":{"rendered":"https:\/\/minacore.ch\/prodotto\/lheure-du-the-jupe\/"},"modified":"2024-05-10T16:29:12","modified_gmt":"2024-05-10T14:29:12","slug":"lheure-du-the-jupe","status":"publish","type":"product","link":"https:\/\/minacore.ch\/fr\/prodotto\/lheure-du-the-jupe\/","title":{"rendered":"L&rsquo;heure du th\u00e9 &#8211; Jupe"},"content":{"rendered":"","protected":false},"excerpt":{"rendered":"<p>Parfait pour une ambiance l\u00e9g\u00e8re et chic ! Cette jupe ample de la s\u00e9rie \u00ab\u00a0Tea Time\u00a0\u00bb est fabriqu\u00e9e \u00e0 la main avec amour et soin. Le coton turquoise apporte une touche de fra\u00eecheur et de vivacit\u00e9, tandis que l&rsquo;ourlet en pure soie ajoute une \u00e9l\u00e9gance subtile. Dot\u00e9 d&rsquo;une ceinture \u00e9lastique pour un ajustement confortable et adaptable, c&rsquo;est le choix id\u00e9al pour un look f\u00e9minin et raffin\u00e9, parfait pour les occasions sp\u00e9ciales ou une sortie d\u00e9contract\u00e9e.<\/p>\n","protected":false},"featured_media":2715,"template":"","meta":{"_seopress_robots_primary_cat":"","_seopress_titles_title":"","_seopress_titles_desc":"","_seopress_robots_index":""},"product_brand":[],"product_cat":[122,288],"product_tag":[],"class_list":{"0":"post-1643","1":"product","2":"type-product","3":"status-publish","4":"has-post-thumbnail","6":"product_cat-femme","7":"product_cat-pantalon","9":"first","10":"outofstock","11":"shipping-taxable","12":"purchasable","13":"product-type-simple"},"jetpack_sharing_enabled":true,"_links":{"self":[{"href":"https:\/\/minacore.ch\/fr\/wp-json\/wp\/v2\/product\/1643","targetHints":{"allow":["GET"]}}],"collection":[{"href":"https:\/\/minacore.ch\/fr\/wp-json\/wp\/v2\/product"}],"about":[{"href":"https:\/\/minacore.ch\/fr\/wp-json\/wp\/v2\/types\/product"}],"wp:featuredmedia":[{"embeddable":true,"href":"https:\/\/minacore.ch\/fr\/wp-json\/wp\/v2\/media\/2715"}],"wp:attachment":[{"href":"https:\/\/minacore.ch\/fr\/wp-json\/wp\/v2\/media?parent=1643"}],"wp:term":[{"taxonomy":"product_brand","embeddable":true,"href":"https:\/\/minacore.ch\/fr\/wp-json\/wp\/v2\/product_brand?post=1643"},{"taxonomy":"product_cat","embeddable":true,"href":"https:\/\/minacore.ch\/fr\/wp-json\/wp\/v2\/product_cat?post=1643"},{"taxonomy":"product_tag","embeddable":true,"href":"https:\/\/minacore.ch\/fr\/wp-json\/wp\/v2\/product_tag?post=1643"}],"curies":[{"name":"wp","href":"https:\/\/api.w.org\/{rel}","templated":true}]}}