{"id":1622,"date":"2024-04-06T16:04:03","date_gmt":"2024-04-06T14:04:03","guid":{"rendered":"https:\/\/minacore.ch\/prodotto\/bralette-soft-dawn\/"},"modified":"2024-04-09T20:19:44","modified_gmt":"2024-04-09T18:19:44","slug":"bralette-soft-dawn","status":"publish","type":"product","link":"https:\/\/minacore.ch\/fr\/prodotto\/bralette-soft-dawn\/","title":{"rendered":"Bralette &#8211; Soft Dawn"},"content":{"rendered":"","protected":false},"excerpt":{"rendered":"<p>Un v\u00eatement indispensable pour la saison ! Cette bralette, fabriqu\u00e9e \u00e0 la main \u00e0 partir de fils recycl\u00e9s, offre un style unique et durable. Parfait pour les journ\u00e9es de printemps et d&rsquo;\u00e9t\u00e9, son crochet ajoute une touche d&rsquo;\u00e9l\u00e9gance et d&rsquo;originalit\u00e9 \u00e0 votre look. Confortable et l\u00e9g\u00e8re, cette bralette chic et \u00e9cologique est un compl\u00e9ment polyvalent \u00e0 votre garde-robe estivale.<\/p>\n","protected":false},"featured_media":1614,"template":"","meta":{"_seopress_robots_primary_cat":"","_seopress_titles_title":"","_seopress_titles_desc":"","_seopress_robots_index":""},"product_brand":[],"product_cat":[122,302],"product_tag":[],"class_list":{"0":"post-1622","1":"product","2":"type-product","3":"status-publish","4":"has-post-thumbnail","6":"product_cat-femme","7":"product_cat-haut-de-page","9":"first","10":"instock","11":"shipping-taxable","12":"purchasable","13":"product-type-simple"},"jetpack_sharing_enabled":true,"_links":{"self":[{"href":"https:\/\/minacore.ch\/fr\/wp-json\/wp\/v2\/product\/1622","targetHints":{"allow":["GET"]}}],"collection":[{"href":"https:\/\/minacore.ch\/fr\/wp-json\/wp\/v2\/product"}],"about":[{"href":"https:\/\/minacore.ch\/fr\/wp-json\/wp\/v2\/types\/product"}],"wp:featuredmedia":[{"embeddable":true,"href":"https:\/\/minacore.ch\/fr\/wp-json\/wp\/v2\/media\/1614"}],"wp:attachment":[{"href":"https:\/\/minacore.ch\/fr\/wp-json\/wp\/v2\/media?parent=1622"}],"wp:term":[{"taxonomy":"product_brand","embeddable":true,"href":"https:\/\/minacore.ch\/fr\/wp-json\/wp\/v2\/product_brand?post=1622"},{"taxonomy":"product_cat","embeddable":true,"href":"https:\/\/minacore.ch\/fr\/wp-json\/wp\/v2\/product_cat?post=1622"},{"taxonomy":"product_tag","embeddable":true,"href":"https:\/\/minacore.ch\/fr\/wp-json\/wp\/v2\/product_tag?post=1622"}],"curies":[{"name":"wp","href":"https:\/\/api.w.org\/{rel}","templated":true}]}}