{"id":1590,"date":"2024-04-06T16:00:23","date_gmt":"2024-04-06T14:00:23","guid":{"rendered":"https:\/\/minacore.ch\/prodotto\/faerie-garden-debardeur\/"},"modified":"2024-04-23T09:53:53","modified_gmt":"2024-04-23T07:53:53","slug":"faerie-garden-debardeur","status":"publish","type":"product","link":"https:\/\/minacore.ch\/fr\/prodotto\/faerie-garden-debardeur\/","title":{"rendered":"Faerie &#8211; D\u00e9bardeur"},"content":{"rendered":"","protected":false},"excerpt":{"rendered":"<p>Un v\u00eatement indispensable pour la saison ! Ce d\u00e9bardeur, fabriqu\u00e9 \u00e0 la main \u00e0 partir de fils recycl\u00e9s, offre un style unique et durable. Parfait pour les journ\u00e9es de printemps et d&rsquo;\u00e9t\u00e9, son crochet ajoute une touche d&rsquo;\u00e9l\u00e9gance et d&rsquo;originalit\u00e9 \u00e0 votre look. Confortable et l\u00e9ger, ce d\u00e9bardeur chic et \u00e9cologique est un compl\u00e9ment polyvalent \u00e0 votre garde-robe estivale.<\/p>\n","protected":false},"featured_media":1582,"template":"","meta":{"_seopress_robots_primary_cat":"none","_seopress_titles_title":"D\u00e9bardeur \u00e9cologique au crochet : un style estival durable","_seopress_titles_desc":"D\u00e9couvrez la polyvalence de notre d\u00e9bardeur fait main, fabriqu\u00e9 \u00e0 partir de fils recycl\u00e9s pour un style durable et unique. Crochet\u00e9e, elle apporte une touche d'\u00e9l\u00e9gance et d'originalit\u00e9 \u00e0 votre garde-robe estivale. L\u00e9ger et confortable, il est id\u00e9al pour les journ\u00e9es de printemps et d'\u00e9t\u00e9. Achetez maintenant et ajoutez une touche \u00e9co-chic \u00e0 votre look !","_seopress_robots_index":""},"product_brand":[],"product_cat":[122,302],"product_tag":[],"class_list":{"0":"post-1590","1":"product","2":"type-product","3":"status-publish","4":"has-post-thumbnail","6":"product_cat-femme","7":"product_cat-haut-de-page","9":"first","10":"instock","11":"shipping-taxable","12":"purchasable","13":"product-type-simple"},"jetpack_sharing_enabled":true,"_links":{"self":[{"href":"https:\/\/minacore.ch\/fr\/wp-json\/wp\/v2\/product\/1590","targetHints":{"allow":["GET"]}}],"collection":[{"href":"https:\/\/minacore.ch\/fr\/wp-json\/wp\/v2\/product"}],"about":[{"href":"https:\/\/minacore.ch\/fr\/wp-json\/wp\/v2\/types\/product"}],"wp:featuredmedia":[{"embeddable":true,"href":"https:\/\/minacore.ch\/fr\/wp-json\/wp\/v2\/media\/1582"}],"wp:attachment":[{"href":"https:\/\/minacore.ch\/fr\/wp-json\/wp\/v2\/media?parent=1590"}],"wp:term":[{"taxonomy":"product_brand","embeddable":true,"href":"https:\/\/minacore.ch\/fr\/wp-json\/wp\/v2\/product_brand?post=1590"},{"taxonomy":"product_cat","embeddable":true,"href":"https:\/\/minacore.ch\/fr\/wp-json\/wp\/v2\/product_cat?post=1590"},{"taxonomy":"product_tag","embeddable":true,"href":"https:\/\/minacore.ch\/fr\/wp-json\/wp\/v2\/product_tag?post=1590"}],"curies":[{"name":"wp","href":"https:\/\/api.w.org\/{rel}","templated":true}]}}