{"id":1511,"date":"2024-04-06T14:30:06","date_gmt":"2024-04-06T12:30:06","guid":{"rendered":"https:\/\/minacore.ch\/prodotto\/salopette-bebe-2\/"},"modified":"2024-08-09T16:29:30","modified_gmt":"2024-08-09T14:29:30","slug":"salopette-bebe-2","status":"publish","type":"product","link":"https:\/\/minacore.ch\/fr\/prodotto\/salopette-bebe-2\/","title":{"rendered":"Salopette EcoBimbo"},"content":{"rendered":"","protected":false},"excerpt":{"rendered":"<p>Pour nos premiers moments ensemble ! Salopette bleu clair avec boutons en bois et longueur d&rsquo;\u00e9paule r\u00e9glable. Fabriqu\u00e9 \u00e0 partir de fils recycl\u00e9s pour une empreinte \u00e9cologique. Parfait pour les journ\u00e9es sp\u00e9ciales ou d\u00e9contract\u00e9es. Un style doux et durable pour votre enfant.<\/p>\n","protected":false},"featured_media":1507,"template":"","meta":{"_seopress_robots_primary_cat":"none","_seopress_titles_title":"Salopette Celeste : Douceur et durabilit\u00e9 pour votre enfant","_seopress_titles_desc":"D\u00e9couvrez la douceur et la durabilit\u00e9 avec notre salopette bleu clair pour vos premiers moments ensemble ! Fabriqu\u00e9e \u00e0 partir de fils recycl\u00e9s et dot\u00e9e de boutons en bois, cette salopette est une option \u00e9cologique et ajustable, parfaite pour les journ\u00e9es sp\u00e9ciales ou d\u00e9contract\u00e9es. Avec des sangles r\u00e9glables en longueur, il est id\u00e9al pour votre petit avec un style doux et respectueux de l'environnement.","_seopress_robots_index":"","_seopress_analysis_target_kw":""},"product_brand":[],"product_cat":[268],"product_tag":[],"class_list":{"0":"post-1511","1":"product","2":"type-product","3":"status-publish","4":"has-post-thumbnail","6":"product_cat-enfant","8":"first","9":"instock","10":"shipping-taxable","11":"purchasable","12":"product-type-simple"},"jetpack_sharing_enabled":true,"_links":{"self":[{"href":"https:\/\/minacore.ch\/fr\/wp-json\/wp\/v2\/product\/1511","targetHints":{"allow":["GET"]}}],"collection":[{"href":"https:\/\/minacore.ch\/fr\/wp-json\/wp\/v2\/product"}],"about":[{"href":"https:\/\/minacore.ch\/fr\/wp-json\/wp\/v2\/types\/product"}],"wp:featuredmedia":[{"embeddable":true,"href":"https:\/\/minacore.ch\/fr\/wp-json\/wp\/v2\/media\/1507"}],"wp:attachment":[{"href":"https:\/\/minacore.ch\/fr\/wp-json\/wp\/v2\/media?parent=1511"}],"wp:term":[{"taxonomy":"product_brand","embeddable":true,"href":"https:\/\/minacore.ch\/fr\/wp-json\/wp\/v2\/product_brand?post=1511"},{"taxonomy":"product_cat","embeddable":true,"href":"https:\/\/minacore.ch\/fr\/wp-json\/wp\/v2\/product_cat?post=1511"},{"taxonomy":"product_tag","embeddable":true,"href":"https:\/\/minacore.ch\/fr\/wp-json\/wp\/v2\/product_tag?post=1511"}],"curies":[{"name":"wp","href":"https:\/\/api.w.org\/{rel}","templated":true}]}}